{"id":331,"date":"2023-04-25T12:12:47","date_gmt":"2023-04-25T10:12:47","guid":{"rendered":"http:\/\/lakartxela.iutbayonne.univ-pau.fr\/~tsansebastie\/Hiriburuko%20Ainhara%20Football\/?page_id=331"},"modified":"2024-11-02T14:40:08","modified_gmt":"2024-11-02T13:40:08","slug":"infrastructures","status":"publish","type":"page","link":"https:\/\/www.hiriburukoainharafootball.fr\/index.php\/infrastructures\/","title":{"rendered":"Infrastructures"},"content":{"rendered":"\t\t<div data-elementor-type=\"wp-page\" data-elementor-id=\"331\" class=\"elementor elementor-331\" data-elementor-post-type=\"page\">\n\t\t\t\t\t\t<header class=\"elementor-section elementor-top-section elementor-element elementor-element-7dc882c elementor-section-full_width elementor-section-content-middle elementor-section-height-default elementor-section-height-default wpr-particle-no wpr-jarallax-no wpr-parallax-no wpr-sticky-section-no wpr-equal-height-no\" data-id=\"7dc882c\" data-element_type=\"section\" data-e-type=\"section\" data-settings=\"{&quot;background_background&quot;:&quot;classic&quot;}\">\n\t\t\t\t\t\t<div class=\"elementor-container elementor-column-gap-no\">\n\t\t\t\t\t<div class=\"elementor-column elementor-col-33 elementor-top-column elementor-element elementor-element-370231b\" data-id=\"370231b\" data-element_type=\"column\" data-e-type=\"column\">\n\t\t\t<div class=\"elementor-widget-wrap elementor-element-populated\">\n\t\t\t\t\t\t<div class=\"elementor-element elementor-element-182f82a elementor-widget__width-initial elementor-widget elementor-widget-image\" data-id=\"182f82a\" data-element_type=\"widget\" data-e-type=\"widget\" data-widget_type=\"image.default\">\n\t\t\t\t<div class=\"elementor-widget-container\">\n\t\t\t\t\t\t\t\t\t\t\t\t\t\t\t<img decoding=\"async\" width=\"150\" height=\"150\" src=\"https:\/\/www.hiriburukoainharafootball.fr\/wp-content\/uploads\/2024\/02\/logo-gauche-150x150.png\" class=\"attachment-thumbnail size-thumbnail wp-image-2626\" alt=\"\" srcset=\"https:\/\/www.hiriburukoainharafootball.fr\/wp-content\/uploads\/2024\/02\/logo-gauche-150x150.png 150w, https:\/\/www.hiriburukoainharafootball.fr\/wp-content\/uploads\/2024\/02\/elementor\/thumbs\/logo-gauche-qjt8pmhk0cqexld5mbjk3d8b3fwou2b6zni5cmwwx8.png 30w, https:\/\/www.hiriburukoainharafootball.fr\/wp-content\/uploads\/2024\/02\/elementor\/thumbs\/logo-gauche-qjt8pmhk94hp96zwi3psikzzawr0keyc60f6kx0cxg.png 50w, https:\/\/www.hiriburukoainharafootball.fr\/wp-content\/uploads\/2024\/02\/elementor\/thumbs\/logo-gauche-qjt8pmhkv1vx272rpk5dkmf5tkutwak73wprnm8yy0.png 100w, https:\/\/www.hiriburukoainharafootball.fr\/wp-content\/uploads\/2024\/02\/elementor\/thumbs\/logo-gauche-qjt8pmhkma4mqlg0trz55enhm40i5xx1xjsqfc5ixs.png 80w\" sizes=\"(max-width: 150px) 100vw, 150px\" \/>\t\t\t\t\t\t\t\t\t\t\t\t\t\t\t<\/div>\n\t\t\t\t<\/div>\n\t\t\t\t\t<\/div>\n\t\t<\/div>\n\t\t\t\t<div class=\"elementor-column elementor-col-33 elementor-top-column elementor-element elementor-element-a94cf50\" data-id=\"a94cf50\" data-element_type=\"column\" data-e-type=\"column\">\n\t\t\t<div class=\"elementor-widget-wrap elementor-element-populated\">\n\t\t\t\t\t\t<div class=\"elementor-element elementor-element-bb61781 elementor-widget__width-initial elementor-widget-mobile__width-initial elementor-widget elementor-widget-heading\" data-id=\"bb61781\" data-element_type=\"widget\" data-e-type=\"widget\" data-widget_type=\"heading.default\">\n\t\t\t\t<div class=\"elementor-widget-container\">\n\t\t\t\t\t<h1 class=\"elementor-heading-title elementor-size-default\">INFRASTUCTURES<\/h1>\t\t\t\t<\/div>\n\t\t\t\t<\/div>\n\t\t\t\t\t<\/div>\n\t\t<\/div>\n\t\t\t\t<div class=\"elementor-column elementor-col-33 elementor-top-column elementor-element elementor-element-cc0be5b\" data-id=\"cc0be5b\" data-element_type=\"column\" data-e-type=\"column\">\n\t\t\t<div class=\"elementor-widget-wrap elementor-element-populated\">\n\t\t\t\t\t\t<div class=\"elementor-element elementor-element-a5bee7a elementor-widget elementor-widget-image\" data-id=\"a5bee7a\" data-element_type=\"widget\" data-e-type=\"widget\" data-widget_type=\"image.default\">\n\t\t\t\t<div class=\"elementor-widget-container\">\n\t\t\t\t\t\t\t\t\t\t\t\t\t\t\t<img fetchpriority=\"high\" decoding=\"async\" width=\"507\" height=\"233\" src=\"https:\/\/www.hiriburukoainharafootball.fr\/wp-content\/uploads\/2024\/02\/lauburu-droite.png\" class=\"attachment-large size-large wp-image-2627\" alt=\"\" srcset=\"https:\/\/www.hiriburukoainharafootball.fr\/wp-content\/uploads\/2024\/02\/lauburu-droite.png 507w, https:\/\/www.hiriburukoainharafootball.fr\/wp-content\/uploads\/2024\/02\/lauburu-droite-300x138.png 300w\" sizes=\"(max-width: 507px) 100vw, 507px\" \/>\t\t\t\t\t\t\t\t\t\t\t\t\t\t\t<\/div>\n\t\t\t\t<\/div>\n\t\t\t\t\t<\/div>\n\t\t<\/div>\n\t\t\t\t\t<\/div>\n\t\t<\/header>\n\t\t\t\t<section class=\"elementor-section elementor-top-section elementor-element elementor-element-6b76081 elementor-section-boxed elementor-section-height-default elementor-section-height-default wpr-particle-no wpr-jarallax-no wpr-parallax-no wpr-sticky-section-no wpr-equal-height-no\" data-id=\"6b76081\" data-element_type=\"section\" data-e-type=\"section\" data-settings=\"{&quot;background_background&quot;:&quot;gradient&quot;}\">\n\t\t\t\t\t\t<div class=\"elementor-container elementor-column-gap-default\">\n\t\t\t\t\t<div class=\"elementor-column elementor-col-100 elementor-top-column elementor-element elementor-element-c5a549f\" data-id=\"c5a549f\" data-element_type=\"column\" data-e-type=\"column\">\n\t\t\t<div class=\"elementor-widget-wrap elementor-element-populated\">\n\t\t\t\t\t\t<div class=\"elementor-element elementor-element-22050f6 elementor-widget elementor-widget-image\" data-id=\"22050f6\" data-element_type=\"widget\" data-e-type=\"widget\" data-widget_type=\"image.default\">\n\t\t\t\t<div class=\"elementor-widget-container\">\n\t\t\t\t\t\t\t\t\t\t\t\t\t\t\t<img decoding=\"async\" width=\"923\" height=\"426\" src=\"https:\/\/www.hiriburukoainharafootball.fr\/wp-content\/uploads\/2024\/10\/kahutte-1024x473.jpg\" class=\"attachment-large size-large wp-image-3115\" alt=\"\" srcset=\"https:\/\/www.hiriburukoainharafootball.fr\/wp-content\/uploads\/2024\/10\/kahutte-1024x473.jpg 1024w, https:\/\/www.hiriburukoainharafootball.fr\/wp-content\/uploads\/2024\/10\/kahutte-300x139.jpg 300w, https:\/\/www.hiriburukoainharafootball.fr\/wp-content\/uploads\/2024\/10\/kahutte-768x355.jpg 768w, https:\/\/www.hiriburukoainharafootball.fr\/wp-content\/uploads\/2024\/10\/kahutte-1536x709.jpg 1536w, https:\/\/www.hiriburukoainharafootball.fr\/wp-content\/uploads\/2024\/10\/kahutte-2048x946.jpg 2048w\" sizes=\"(max-width: 923px) 100vw, 923px\" \/>\t\t\t\t\t\t\t\t\t\t\t\t\t\t\t<\/div>\n\t\t\t\t<\/div>\n\t\t\t\t<div class=\"elementor-element elementor-element-a31e1d8 elementor-widget elementor-widget-text-editor\" data-id=\"a31e1d8\" data-element_type=\"widget\" data-e-type=\"widget\" data-widget_type=\"text-editor.default\">\n\t\t\t\t<div class=\"elementor-widget-container\">\n\t\t\t\t\t\t\t\t\t<p style=\"padding: 0px; color: #333333; font-family: Roboto, Helvetica, Arial, sans-serif; font-size: 14px; text-align: center;\"><span style=\"color: #ffffff;\">La kahutte<\/span><\/p>\t\t\t\t\t\t\t\t<\/div>\n\t\t\t\t<\/div>\n\t\t\t\t\t<\/div>\n\t\t<\/div>\n\t\t\t\t\t<\/div>\n\t\t<\/section>\n\t\t\t\t<section class=\"elementor-section elementor-top-section elementor-element elementor-element-b395b41 elementor-section-boxed elementor-section-height-default elementor-section-height-default wpr-particle-no wpr-jarallax-no wpr-parallax-no wpr-sticky-section-no wpr-equal-height-no\" data-id=\"b395b41\" data-element_type=\"section\" data-e-type=\"section\" data-settings=\"{&quot;background_background&quot;:&quot;gradient&quot;}\">\n\t\t\t\t\t\t<div class=\"elementor-container elementor-column-gap-default\">\n\t\t\t\t\t<div class=\"elementor-column elementor-col-100 elementor-top-column elementor-element elementor-element-b1c536f\" data-id=\"b1c536f\" data-element_type=\"column\" data-e-type=\"column\">\n\t\t\t<div class=\"elementor-widget-wrap elementor-element-populated\">\n\t\t\t\t\t\t<div class=\"elementor-element elementor-element-7cfc0af elementor-widget elementor-widget-image\" data-id=\"7cfc0af\" data-element_type=\"widget\" data-e-type=\"widget\" data-widget_type=\"image.default\">\n\t\t\t\t<div class=\"elementor-widget-container\">\n\t\t\t\t\t\t\t\t\t\t\t\t\t\t\t<img loading=\"lazy\" decoding=\"async\" width=\"923\" height=\"519\" src=\"https:\/\/www.hiriburukoainharafootball.fr\/wp-content\/uploads\/2023\/04\/Nouveau-synthetique__r97auh-1024x576.png\" class=\"attachment-large size-large wp-image-506\" alt=\"\" srcset=\"https:\/\/www.hiriburukoainharafootball.fr\/wp-content\/uploads\/2023\/04\/Nouveau-synthetique__r97auh-1024x576.png 1024w, https:\/\/www.hiriburukoainharafootball.fr\/wp-content\/uploads\/2023\/04\/Nouveau-synthetique__r97auh-300x169.png 300w, https:\/\/www.hiriburukoainharafootball.fr\/wp-content\/uploads\/2023\/04\/Nouveau-synthetique__r97auh-768x432.png 768w, https:\/\/www.hiriburukoainharafootball.fr\/wp-content\/uploads\/2023\/04\/Nouveau-synthetique__r97auh-1140x641.png 1140w, https:\/\/www.hiriburukoainharafootball.fr\/wp-content\/uploads\/2023\/04\/Nouveau-synthetique__r97auh-720x405.png 720w, https:\/\/www.hiriburukoainharafootball.fr\/wp-content\/uploads\/2023\/04\/Nouveau-synthetique__r97auh.png 1280w\" sizes=\"(max-width: 923px) 100vw, 923px\" \/>\t\t\t\t\t\t\t\t\t\t\t\t\t\t\t<\/div>\n\t\t\t\t<\/div>\n\t\t\t\t<div class=\"elementor-element elementor-element-74d28f7 elementor-widget elementor-widget-text-editor\" data-id=\"74d28f7\" data-element_type=\"widget\" data-e-type=\"widget\" data-widget_type=\"text-editor.default\">\n\t\t\t\t<div class=\"elementor-widget-container\">\n\t\t\t\t\t\t\t\t\t<p style=\"padding: 0px; color: #333333; font-family: Roboto, Helvetica, Arial, sans-serif; font-size: 14px; text-align: center;\"><span style=\"color: #ffffff;\">Le\u00a0Nouveau Synth\u00e9tique<\/span><\/p>\t\t\t\t\t\t\t\t<\/div>\n\t\t\t\t<\/div>\n\t\t\t\t\t<\/div>\n\t\t<\/div>\n\t\t\t\t\t<\/div>\n\t\t<\/section>\n\t\t\t\t<section class=\"elementor-section elementor-top-section elementor-element elementor-element-ff097e3 elementor-section-boxed elementor-section-height-default elementor-section-height-default wpr-particle-no wpr-jarallax-no wpr-parallax-no wpr-sticky-section-no wpr-equal-height-no\" data-id=\"ff097e3\" data-element_type=\"section\" data-e-type=\"section\" data-settings=\"{&quot;background_background&quot;:&quot;classic&quot;}\">\n\t\t\t\t\t\t<div class=\"elementor-container elementor-column-gap-default\">\n\t\t\t\t\t<div class=\"elementor-column elementor-col-100 elementor-top-column elementor-element elementor-element-b63d046\" data-id=\"b63d046\" data-element_type=\"column\" data-e-type=\"column\">\n\t\t\t<div class=\"elementor-widget-wrap elementor-element-populated\">\n\t\t\t\t\t\t<div class=\"elementor-element elementor-element-84dfd26 elementor-widget elementor-widget-image\" data-id=\"84dfd26\" data-element_type=\"widget\" data-e-type=\"widget\" data-widget_type=\"image.default\">\n\t\t\t\t<div class=\"elementor-widget-container\">\n\t\t\t\t\t\t\t\t\t\t\t\t\t\t\t<img loading=\"lazy\" decoding=\"async\" width=\"923\" height=\"519\" src=\"https:\/\/www.hiriburukoainharafootball.fr\/wp-content\/uploads\/2023\/04\/Ancien-synthetique__r97au3-1024x576.png\" class=\"attachment-large size-large wp-image-507\" alt=\"\" srcset=\"https:\/\/www.hiriburukoainharafootball.fr\/wp-content\/uploads\/2023\/04\/Ancien-synthetique__r97au3-1024x576.png 1024w, https:\/\/www.hiriburukoainharafootball.fr\/wp-content\/uploads\/2023\/04\/Ancien-synthetique__r97au3-300x169.png 300w, https:\/\/www.hiriburukoainharafootball.fr\/wp-content\/uploads\/2023\/04\/Ancien-synthetique__r97au3-768x432.png 768w, https:\/\/www.hiriburukoainharafootball.fr\/wp-content\/uploads\/2023\/04\/Ancien-synthetique__r97au3-1140x641.png 1140w, https:\/\/www.hiriburukoainharafootball.fr\/wp-content\/uploads\/2023\/04\/Ancien-synthetique__r97au3-720x405.png 720w, https:\/\/www.hiriburukoainharafootball.fr\/wp-content\/uploads\/2023\/04\/Ancien-synthetique__r97au3.png 1280w\" sizes=\"(max-width: 923px) 100vw, 923px\" \/>\t\t\t\t\t\t\t\t\t\t\t\t\t\t\t<\/div>\n\t\t\t\t<\/div>\n\t\t\t\t<div class=\"elementor-element elementor-element-2521ca7 elementor-widget elementor-widget-text-editor\" data-id=\"2521ca7\" data-element_type=\"widget\" data-e-type=\"widget\" data-widget_type=\"text-editor.default\">\n\t\t\t\t<div class=\"elementor-widget-container\">\n\t\t\t\t\t\t\t\t\t<p style=\"padding: 0px; color: #333333; font-family: Roboto, Helvetica, Arial, sans-serif; font-size: 14px; text-align: center;\"><span style=\"color: #ffffff;\">L&rsquo;Ancien\u00a0Synth\u00e9tique<\/span><\/p>\t\t\t\t\t\t\t\t<\/div>\n\t\t\t\t<\/div>\n\t\t\t\t<div class=\"elementor-element elementor-element-835dd39 elementor-widget elementor-widget-image\" data-id=\"835dd39\" data-element_type=\"widget\" data-e-type=\"widget\" data-widget_type=\"image.default\">\n\t\t\t\t<div class=\"elementor-widget-container\">\n\t\t\t\t\t\t\t\t\t\t\t\t\t\t\t<img loading=\"lazy\" decoding=\"async\" width=\"923\" height=\"519\" src=\"https:\/\/www.hiriburukoainharafootball.fr\/wp-content\/uploads\/2023\/04\/Foyer__r97aud.png\" class=\"attachment-large size-large wp-image-509\" alt=\"\" \/>\t\t\t\t\t\t\t\t\t\t\t\t\t\t\t<\/div>\n\t\t\t\t<\/div>\n\t\t\t\t<div class=\"elementor-element elementor-element-d27a4ab elementor-widget elementor-widget-text-editor\" data-id=\"d27a4ab\" data-element_type=\"widget\" data-e-type=\"widget\" data-widget_type=\"text-editor.default\">\n\t\t\t\t<div class=\"elementor-widget-container\">\n\t\t\t\t\t\t\t\t\t<p style=\"padding: 0px; color: #333333; font-family: Roboto, Helvetica, Arial, sans-serif; font-size: 14px; text-align: center;\"><span style=\"color: #ffffff;\">Le\u00a0<em>Foyer<\/em>\u00a0est le v\u00e9ritable lieu de vie du club. Dans ce petit local, on y retrouve notamment les r\u00e9ceptions d&rsquo;apr\u00e8s-match, mais pas que !<\/span><\/p>\t\t\t\t\t\t\t\t<\/div>\n\t\t\t\t<\/div>\n\t\t\t\t\t<\/div>\n\t\t<\/div>\n\t\t\t\t\t<\/div>\n\t\t<\/section>\n\t\t\t\t<section class=\"elementor-section elementor-top-section elementor-element elementor-element-101d6f4 elementor-section-boxed elementor-section-height-default elementor-section-height-default wpr-particle-no wpr-jarallax-no wpr-parallax-no wpr-sticky-section-no wpr-equal-height-no\" data-id=\"101d6f4\" data-element_type=\"section\" data-e-type=\"section\">\n\t\t\t\t\t\t<div class=\"elementor-container elementor-column-gap-default\">\n\t\t\t\t\t<div class=\"elementor-column elementor-col-100 elementor-top-column elementor-element elementor-element-a4d55c1\" data-id=\"a4d55c1\" data-element_type=\"column\" data-e-type=\"column\">\n\t\t\t<div class=\"elementor-widget-wrap elementor-element-populated\">\n\t\t\t\t\t\t\t<\/div>\n\t\t<\/div>\n\t\t\t\t\t<\/div>\n\t\t<\/section>\n\t\t\t\t<\/div>\n\t\t","protected":false},"excerpt":{"rendered":"<p>INFRASTUCTURES La kahutte Le\u00a0Nouveau Synth\u00e9tique L&rsquo;Ancien\u00a0Synth\u00e9tique Le\u00a0Foyer\u00a0est le v\u00e9ritable lieu de vie du club. Dans ce petit local, on y retrouve notamment les r\u00e9ceptions d&rsquo;apr\u00e8s-match, mais pas que !<\/p>\n","protected":false},"author":1,"featured_media":0,"parent":0,"menu_order":0,"comment_status":"closed","ping_status":"closed","template":"","meta":{"_seopress_robots_primary_cat":"","_seopress_titles_title":"","_seopress_titles_desc":"","_seopress_robots_index":"","footnotes":""},"class_list":["post-331","page","type-page","status-publish","hentry"],"_links":{"self":[{"href":"https:\/\/www.hiriburukoainharafootball.fr\/index.php\/wp-json\/wp\/v2\/pages\/331","targetHints":{"allow":["GET"]}}],"collection":[{"href":"https:\/\/www.hiriburukoainharafootball.fr\/index.php\/wp-json\/wp\/v2\/pages"}],"about":[{"href":"https:\/\/www.hiriburukoainharafootball.fr\/index.php\/wp-json\/wp\/v2\/types\/page"}],"author":[{"embeddable":true,"href":"https:\/\/www.hiriburukoainharafootball.fr\/index.php\/wp-json\/wp\/v2\/users\/1"}],"replies":[{"embeddable":true,"href":"https:\/\/www.hiriburukoainharafootball.fr\/index.php\/wp-json\/wp\/v2\/comments?post=331"}],"version-history":[{"count":45,"href":"https:\/\/www.hiriburukoainharafootball.fr\/index.php\/wp-json\/wp\/v2\/pages\/331\/revisions"}],"predecessor-version":[{"id":3220,"href":"https:\/\/www.hiriburukoainharafootball.fr\/index.php\/wp-json\/wp\/v2\/pages\/331\/revisions\/3220"}],"wp:attachment":[{"href":"https:\/\/www.hiriburukoainharafootball.fr\/index.php\/wp-json\/wp\/v2\/media?parent=331"}],"curies":[{"name":"wp","href":"https:\/\/api.w.org\/{rel}","templated":true}]}}