{"id":3461,"date":"2024-10-30T22:58:00","date_gmt":"2024-10-30T21:58:00","guid":{"rendered":"http:\/\/s998669051.onlinehome.fr\/?page_id=3461"},"modified":"2025-07-29T10:17:18","modified_gmt":"2025-07-29T08:17:18","slug":"club-labellise-copy","status":"publish","type":"page","link":"https:\/\/www.hiriburukoainharafootball.fr\/index.php\/club-labellise-copy\/","title":{"rendered":"infos utiles"},"content":{"rendered":"\t\t<div data-elementor-type=\"wp-page\" data-elementor-id=\"3461\" class=\"elementor elementor-3461\" data-elementor-post-type=\"page\">\n\t\t\t\t\t\t<header class=\"elementor-section elementor-top-section elementor-element elementor-element-8d5db28 elementor-section-full_width elementor-section-content-middle elementor-section-height-default elementor-section-height-default wpr-particle-no wpr-jarallax-no wpr-parallax-no wpr-sticky-section-no wpr-equal-height-no\" data-id=\"8d5db28\" data-element_type=\"section\" data-e-type=\"section\" data-settings=\"{&quot;background_background&quot;:&quot;classic&quot;}\">\n\t\t\t\t\t\t<div class=\"elementor-container elementor-column-gap-no\">\n\t\t\t\t\t<div class=\"elementor-column elementor-col-33 elementor-top-column elementor-element elementor-element-a876922\" data-id=\"a876922\" data-element_type=\"column\" data-e-type=\"column\">\n\t\t\t<div class=\"elementor-widget-wrap elementor-element-populated\">\n\t\t\t\t\t\t<div class=\"elementor-element elementor-element-f3902ba elementor-widget__width-initial elementor-widget elementor-widget-image\" data-id=\"f3902ba\" data-element_type=\"widget\" data-e-type=\"widget\" data-widget_type=\"image.default\">\n\t\t\t\t<div class=\"elementor-widget-container\">\n\t\t\t\t\t\t\t\t\t\t\t\t\t\t\t<img decoding=\"async\" width=\"150\" height=\"150\" src=\"https:\/\/www.hiriburukoainharafootball.fr\/wp-content\/uploads\/2024\/02\/logo-gauche-150x150.png\" class=\"attachment-thumbnail size-thumbnail wp-image-2626\" alt=\"\" srcset=\"https:\/\/www.hiriburukoainharafootball.fr\/wp-content\/uploads\/2024\/02\/logo-gauche-150x150.png 150w, https:\/\/www.hiriburukoainharafootball.fr\/wp-content\/uploads\/2024\/02\/elementor\/thumbs\/logo-gauche-qjt8pmhk0cqexld5mbjk3d8b3fwou2b6zni5cmwwx8.png 30w, https:\/\/www.hiriburukoainharafootball.fr\/wp-content\/uploads\/2024\/02\/elementor\/thumbs\/logo-gauche-qjt8pmhk94hp96zwi3psikzzawr0keyc60f6kx0cxg.png 50w, https:\/\/www.hiriburukoainharafootball.fr\/wp-content\/uploads\/2024\/02\/elementor\/thumbs\/logo-gauche-qjt8pmhkv1vx272rpk5dkmf5tkutwak73wprnm8yy0.png 100w, https:\/\/www.hiriburukoainharafootball.fr\/wp-content\/uploads\/2024\/02\/elementor\/thumbs\/logo-gauche-qjt8pmhkma4mqlg0trz55enhm40i5xx1xjsqfc5ixs.png 80w\" sizes=\"(max-width: 150px) 100vw, 150px\" \/>\t\t\t\t\t\t\t\t\t\t\t\t\t\t\t<\/div>\n\t\t\t\t<\/div>\n\t\t\t\t\t<\/div>\n\t\t<\/div>\n\t\t\t\t<div class=\"elementor-column elementor-col-33 elementor-top-column elementor-element elementor-element-c89c632\" data-id=\"c89c632\" data-element_type=\"column\" data-e-type=\"column\">\n\t\t\t<div class=\"elementor-widget-wrap elementor-element-populated\">\n\t\t\t\t\t\t<div class=\"elementor-element elementor-element-0b47386 elementor-widget__width-initial elementor-widget-mobile__width-initial elementor-widget elementor-widget-heading\" data-id=\"0b47386\" data-element_type=\"widget\" data-e-type=\"widget\" data-widget_type=\"heading.default\">\n\t\t\t\t<div class=\"elementor-widget-container\">\n\t\t\t\t\t<h1 class=\"elementor-heading-title elementor-size-default\">infos utiles<\/h1>\t\t\t\t<\/div>\n\t\t\t\t<\/div>\n\t\t\t\t\t<\/div>\n\t\t<\/div>\n\t\t\t\t<div class=\"elementor-column elementor-col-33 elementor-top-column elementor-element elementor-element-2921add\" data-id=\"2921add\" data-element_type=\"column\" data-e-type=\"column\">\n\t\t\t<div class=\"elementor-widget-wrap elementor-element-populated\">\n\t\t\t\t\t\t<div class=\"elementor-element elementor-element-25d7280 elementor-widget elementor-widget-image\" data-id=\"25d7280\" data-element_type=\"widget\" data-e-type=\"widget\" data-widget_type=\"image.default\">\n\t\t\t\t<div class=\"elementor-widget-container\">\n\t\t\t\t\t\t\t\t\t\t\t\t\t\t\t<img fetchpriority=\"high\" decoding=\"async\" width=\"507\" height=\"233\" src=\"https:\/\/www.hiriburukoainharafootball.fr\/wp-content\/uploads\/2024\/02\/lauburu-droite.png\" class=\"attachment-large size-large wp-image-2627\" alt=\"\" srcset=\"https:\/\/www.hiriburukoainharafootball.fr\/wp-content\/uploads\/2024\/02\/lauburu-droite.png 507w, https:\/\/www.hiriburukoainharafootball.fr\/wp-content\/uploads\/2024\/02\/lauburu-droite-300x138.png 300w\" sizes=\"(max-width: 507px) 100vw, 507px\" \/>\t\t\t\t\t\t\t\t\t\t\t\t\t\t\t<\/div>\n\t\t\t\t<\/div>\n\t\t\t\t\t<\/div>\n\t\t<\/div>\n\t\t\t\t\t<\/div>\n\t\t<\/header>\n\t\t\t\t<section class=\"elementor-section elementor-top-section elementor-element elementor-element-0b50c14 elementor-section-boxed elementor-section-height-default elementor-section-height-default wpr-particle-no wpr-jarallax-no wpr-parallax-no wpr-sticky-section-no wpr-equal-height-no\" data-id=\"0b50c14\" data-element_type=\"section\" data-e-type=\"section\">\n\t\t\t\t\t\t<div class=\"elementor-container elementor-column-gap-default\">\n\t\t\t\t\t<div class=\"elementor-column elementor-col-100 elementor-top-column elementor-element elementor-element-c9bb554\" data-id=\"c9bb554\" data-element_type=\"column\" data-e-type=\"column\">\n\t\t\t<div class=\"elementor-widget-wrap elementor-element-populated\">\n\t\t\t\t\t\t<div class=\"elementor-element elementor-element-53637d8 elementor-widget elementor-widget-heading\" data-id=\"53637d8\" data-element_type=\"widget\" data-e-type=\"widget\" data-widget_type=\"heading.default\">\n\t\t\t\t<div class=\"elementor-widget-container\">\n\t\t\t\t\t<h3 class=\"elementor-heading-title elementor-size-default\">FORMULAIRE DE CONTACT<\/h3>\t\t\t\t<\/div>\n\t\t\t\t<\/div>\n\t\t\t\t\t<\/div>\n\t\t<\/div>\n\t\t\t\t\t<\/div>\n\t\t<\/section>\n\t\t\t\t<section class=\"elementor-section elementor-top-section elementor-element elementor-element-f1688b8 elementor-section-boxed elementor-section-height-default elementor-section-height-default wpr-particle-no wpr-jarallax-no wpr-parallax-no wpr-sticky-section-no wpr-equal-height-no\" data-id=\"f1688b8\" data-element_type=\"section\" data-e-type=\"section\">\n\t\t\t\t\t\t<div class=\"elementor-container elementor-column-gap-default\">\n\t\t\t\t\t<div class=\"elementor-column elementor-col-100 elementor-top-column elementor-element elementor-element-c5a806c\" data-id=\"c5a806c\" data-element_type=\"column\" data-e-type=\"column\">\n\t\t\t<div class=\"elementor-widget-wrap elementor-element-populated\">\n\t\t\t\t\t\t<div class=\"elementor-element elementor-element-07f384a elementor-widget__width-inherit eael-contact-form-7-button-align-left eael-contact-form-7-button-custom elementor-widget elementor-widget-eael-contact-form-7\" data-id=\"07f384a\" data-element_type=\"widget\" data-e-type=\"widget\" data-widget_type=\"eael-contact-form-7.default\">\n\t\t\t\t<div class=\"elementor-widget-container\">\n\t\t\t\t\t<div class=\"eael-contact-form-7-wrapper\">\n                <div class=\"eael-contact-form eael-contact-form-7 eael-contact-form-07f384a placeholder-show eael-contact-form-align-default\">\n<div class=\"wpcf7 no-js\" id=\"wpcf7-f4735-o1\" lang=\"fr-FR\" dir=\"ltr\" data-wpcf7-id=\"4735\">\n<div class=\"screen-reader-response\"><p role=\"status\" aria-live=\"polite\" aria-atomic=\"true\"><\/p> <ul><\/ul><\/div>\n<form action=\"\/index.php\/wp-json\/wp\/v2\/pages\/3461#wpcf7-f4735-o1\" method=\"post\" class=\"wpcf7-form init\" aria-label=\"Formulaire de contact\" novalidate=\"novalidate\" data-status=\"init\">\n<div style=\"display: none;\">\n<input type=\"hidden\" name=\"_wpcf7\" value=\"4735\" \/>\n<input type=\"hidden\" name=\"_wpcf7_version\" value=\"6.0.5\" \/>\n<input type=\"hidden\" name=\"_wpcf7_locale\" value=\"fr_FR\" \/>\n<input type=\"hidden\" name=\"_wpcf7_unit_tag\" value=\"wpcf7-f4735-o1\" \/>\n<input type=\"hidden\" name=\"_wpcf7_container_post\" value=\"0\" \/>\n<input type=\"hidden\" name=\"_wpcf7_posted_data_hash\" value=\"\" \/>\n<input type=\"hidden\" name=\"_wpcf7_recaptcha_response\" value=\"\" \/>\n<\/div>\n<div class=\"form-group\">\n\t<p><label for=\"select-465\">S\u00e9lectionnez un objet<\/label>\n\t<\/p>\n\t<p><span class=\"wpcf7-form-control-wrap\" data-name=\"select-465\"><select class=\"wpcf7-form-control wpcf7-select wpcf7-validates-as-required\" aria-required=\"true\" aria-invalid=\"false\" name=\"select-465\"><option value=\"Demande Attestation licence\">Demande Attestation licence<\/option><option value=\"Demande information inscription Jeune\">Demande information inscription Jeune<\/option><option value=\"Demande information inscription S\u00e9nior\">Demande information inscription S\u00e9nior<\/option><option value=\"Contact P\u00f4le Communication\">Contact P\u00f4le Communication<\/option><option value=\"Contact P\u00f4le Partenariat\">Contact P\u00f4le Partenariat<\/option><option value=\"Contact P\u00f4le Administratif\">Contact P\u00f4le Administratif<\/option><option value=\"Probl\u00e8me Technique sur le site\">Probl\u00e8me Technique sur le site<\/option><\/select><\/span>\n\t<\/p>\n<\/div>\n<div class=\"form-group\">\n\t<p><label for=\"your-name\">Votre nom<\/label>\n\t<\/p>\n\t<p><span class=\"wpcf7-form-control-wrap\" data-name=\"your-name\"><input size=\"40\" maxlength=\"400\" class=\"wpcf7-form-control wpcf7-text wpcf7-validates-as-required\" autocomplete=\"name\" aria-required=\"true\" aria-invalid=\"false\" value=\"\" type=\"text\" name=\"your-name\" \/><\/span>\n\t<\/p>\n<\/div>\n<div class=\"form-group\">\n\t<p><label for=\"your-email\">Votre e-mail<\/label>\n\t<\/p>\n\t<p><span class=\"wpcf7-form-control-wrap\" data-name=\"your-email\"><input size=\"40\" maxlength=\"400\" class=\"wpcf7-form-control wpcf7-email wpcf7-validates-as-required wpcf7-text wpcf7-validates-as-email\" autocomplete=\"email\" aria-required=\"true\" aria-invalid=\"false\" value=\"\" type=\"email\" name=\"your-email\" \/><\/span>\n\t<\/p>\n<\/div>\n<div class=\"form-group\">\n\t<p><label for=\"your-subject\">Sujet<\/label>\n\t<\/p>\n\t<p><span class=\"wpcf7-form-control-wrap\" data-name=\"your-subject\"><input size=\"40\" maxlength=\"400\" class=\"wpcf7-form-control wpcf7-text wpcf7-validates-as-required\" aria-required=\"true\" aria-invalid=\"false\" value=\"\" type=\"text\" name=\"your-subject\" \/><\/span>\n\t<\/p>\n<\/div>\n<div class=\"form-group\">\n\t<p><label for=\"your-message\">Votre message<\/label>\n\t<\/p>\n\t<p><span class=\"wpcf7-form-control-wrap\" data-name=\"your-message\"><textarea cols=\"40\" rows=\"10\" maxlength=\"2000\" class=\"wpcf7-form-control wpcf7-textarea wpcf7-validates-as-required\" aria-required=\"true\" aria-invalid=\"false\" name=\"your-message\"><\/textarea><\/span>\n\t<\/p>\n<\/div>\n<div class=\"form-group\">\n\t<p><input class=\"wpcf7-form-control wpcf7-submit has-spinner\" type=\"submit\" value=\"Envoyer\" \/>\n\t<\/p>\n<\/div><div class=\"wpcf7-response-output\" aria-hidden=\"true\"><\/div>\n<\/form>\n<\/div>\n<\/div>\n            <\/div>\t\t\t\t<\/div>\n\t\t\t\t<\/div>\n\t\t\t\t\t<\/div>\n\t\t<\/div>\n\t\t\t\t\t<\/div>\n\t\t<\/section>\n\t\t\t\t<section class=\"elementor-section elementor-top-section elementor-element elementor-element-69aa395 elementor-section-boxed elementor-section-height-default elementor-section-height-default wpr-particle-no wpr-jarallax-no wpr-parallax-no wpr-sticky-section-no wpr-equal-height-no\" data-id=\"69aa395\" data-element_type=\"section\" data-e-type=\"section\">\n\t\t\t\t\t\t<div class=\"elementor-container elementor-column-gap-default\">\n\t\t\t\t\t<div class=\"elementor-column elementor-col-100 elementor-top-column elementor-element elementor-element-06e6853\" data-id=\"06e6853\" data-element_type=\"column\" data-e-type=\"column\">\n\t\t\t<div class=\"elementor-widget-wrap elementor-element-populated\">\n\t\t\t\t\t\t<div class=\"elementor-element elementor-element-136d6f7 elementor-widget__width-inherit elementor-widget elementor-widget-google_maps\" data-id=\"136d6f7\" data-element_type=\"widget\" data-e-type=\"widget\" data-widget_type=\"google_maps.default\">\n\t\t\t\t<div class=\"elementor-widget-container\">\n\t\t\t\t\t\t\t<div class=\"elementor-custom-embed\">\n\t\t\t<iframe loading=\"lazy\"\n\t\t\t\t\tsrc=\"https:\/\/maps.google.com\/maps?q=Parc%20des%20sport%20Echerouty%2C%2064990%20SAint%20pierre%20d%27irube&#038;t=m&#038;z=16&#038;output=embed&#038;iwloc=near\"\n\t\t\t\t\ttitle=\"Parc des sport Echerouty, 64990 SAint pierre d&#039;irube\"\n\t\t\t\t\taria-label=\"Parc des sport Echerouty, 64990 SAint pierre d&#039;irube\"\n\t\t\t><\/iframe>\n\t\t<\/div>\n\t\t\t\t\t\t<\/div>\n\t\t\t\t<\/div>\n\t\t\t\t\t<\/div>\n\t\t<\/div>\n\t\t\t\t\t<\/div>\n\t\t<\/section>\n\t\t\t\t<\/div>\n\t\t","protected":false},"excerpt":{"rendered":"<p>infos utiles FORMULAIRE DE CONTACT S\u00e9lectionnez un destinataire P\u00f4le CommercialP\u00f4le TechniqueP\u00f4le CommunicationP\u00f4le AdministratifSupport Votre nom Votre e-mail Objet Votre message<\/p>\n","protected":false},"author":9,"featured_media":0,"parent":0,"menu_order":0,"comment_status":"closed","ping_status":"closed","template":"","meta":{"_seopress_robots_primary_cat":"","_seopress_titles_title":"","_seopress_titles_desc":"","_seopress_robots_index":"","footnotes":""},"class_list":["post-3461","page","type-page","status-publish","hentry"],"_links":{"self":[{"href":"https:\/\/www.hiriburukoainharafootball.fr\/index.php\/wp-json\/wp\/v2\/pages\/3461","targetHints":{"allow":["GET"]}}],"collection":[{"href":"https:\/\/www.hiriburukoainharafootball.fr\/index.php\/wp-json\/wp\/v2\/pages"}],"about":[{"href":"https:\/\/www.hiriburukoainharafootball.fr\/index.php\/wp-json\/wp\/v2\/types\/page"}],"author":[{"embeddable":true,"href":"https:\/\/www.hiriburukoainharafootball.fr\/index.php\/wp-json\/wp\/v2\/users\/9"}],"replies":[{"embeddable":true,"href":"https:\/\/www.hiriburukoainharafootball.fr\/index.php\/wp-json\/wp\/v2\/comments?post=3461"}],"version-history":[{"count":43,"href":"https:\/\/www.hiriburukoainharafootball.fr\/index.php\/wp-json\/wp\/v2\/pages\/3461\/revisions"}],"predecessor-version":[{"id":4890,"href":"https:\/\/www.hiriburukoainharafootball.fr\/index.php\/wp-json\/wp\/v2\/pages\/3461\/revisions\/4890"}],"wp:attachment":[{"href":"https:\/\/www.hiriburukoainharafootball.fr\/index.php\/wp-json\/wp\/v2\/media?parent=3461"}],"curies":[{"name":"wp","href":"https:\/\/api.w.org\/{rel}","templated":true}]}}