{"id":591,"date":"2023-04-25T17:03:57","date_gmt":"2023-04-25T15:03:57","guid":{"rendered":"http:\/\/lakartxela.iutbayonne.univ-pau.fr\/~tsansebastie\/Hiriburuko%20Ainhara%20Football\/?page_id=591"},"modified":"2024-10-30T22:51:20","modified_gmt":"2024-10-30T21:51:20","slug":"club-labelise","status":"publish","type":"page","link":"https:\/\/www.hiriburukoainharafootball.fr\/index.php\/club-labelise\/","title":{"rendered":"Club lab\u00e9llis\u00e9"},"content":{"rendered":"\t\t<div data-elementor-type=\"wp-page\" data-elementor-id=\"591\" class=\"elementor elementor-591\" data-elementor-post-type=\"page\">\n\t\t\t\t\t\t<header class=\"elementor-section elementor-top-section elementor-element elementor-element-8d5db28 elementor-section-full_width elementor-section-content-middle elementor-section-height-default elementor-section-height-default wpr-particle-no wpr-jarallax-no wpr-parallax-no wpr-sticky-section-no wpr-equal-height-no\" data-id=\"8d5db28\" data-element_type=\"section\" data-e-type=\"section\" data-settings=\"{&quot;background_background&quot;:&quot;classic&quot;}\">\n\t\t\t\t\t\t<div class=\"elementor-container elementor-column-gap-no\">\n\t\t\t\t\t<div class=\"elementor-column elementor-col-33 elementor-top-column elementor-element elementor-element-a876922\" data-id=\"a876922\" data-element_type=\"column\" data-e-type=\"column\">\n\t\t\t<div class=\"elementor-widget-wrap elementor-element-populated\">\n\t\t\t\t\t\t<div class=\"elementor-element elementor-element-f3902ba elementor-widget__width-initial elementor-widget elementor-widget-image\" data-id=\"f3902ba\" data-element_type=\"widget\" data-e-type=\"widget\" data-widget_type=\"image.default\">\n\t\t\t\t<div class=\"elementor-widget-container\">\n\t\t\t\t\t\t\t\t\t\t\t\t\t\t\t<img decoding=\"async\" width=\"150\" height=\"150\" src=\"https:\/\/www.hiriburukoainharafootball.fr\/wp-content\/uploads\/2024\/02\/logo-gauche-150x150.png\" class=\"attachment-thumbnail size-thumbnail wp-image-2626\" alt=\"\" srcset=\"https:\/\/www.hiriburukoainharafootball.fr\/wp-content\/uploads\/2024\/02\/logo-gauche-150x150.png 150w, https:\/\/www.hiriburukoainharafootball.fr\/wp-content\/uploads\/2024\/02\/elementor\/thumbs\/logo-gauche-qjt8pmhk0cqexld5mbjk3d8b3fwou2b6zni5cmwwx8.png 30w, https:\/\/www.hiriburukoainharafootball.fr\/wp-content\/uploads\/2024\/02\/elementor\/thumbs\/logo-gauche-qjt8pmhk94hp96zwi3psikzzawr0keyc60f6kx0cxg.png 50w, https:\/\/www.hiriburukoainharafootball.fr\/wp-content\/uploads\/2024\/02\/elementor\/thumbs\/logo-gauche-qjt8pmhkv1vx272rpk5dkmf5tkutwak73wprnm8yy0.png 100w, https:\/\/www.hiriburukoainharafootball.fr\/wp-content\/uploads\/2024\/02\/elementor\/thumbs\/logo-gauche-qjt8pmhkma4mqlg0trz55enhm40i5xx1xjsqfc5ixs.png 80w\" sizes=\"(max-width: 150px) 100vw, 150px\" \/>\t\t\t\t\t\t\t\t\t\t\t\t\t\t\t<\/div>\n\t\t\t\t<\/div>\n\t\t\t\t\t<\/div>\n\t\t<\/div>\n\t\t\t\t<div class=\"elementor-column elementor-col-33 elementor-top-column elementor-element elementor-element-c89c632\" data-id=\"c89c632\" data-element_type=\"column\" data-e-type=\"column\">\n\t\t\t<div class=\"elementor-widget-wrap elementor-element-populated\">\n\t\t\t\t\t\t<div class=\"elementor-element elementor-element-0b47386 elementor-widget__width-initial elementor-widget-mobile__width-initial elementor-widget elementor-widget-heading\" data-id=\"0b47386\" data-element_type=\"widget\" data-e-type=\"widget\" data-widget_type=\"heading.default\">\n\t\t\t\t<div class=\"elementor-widget-container\">\n\t\t\t\t\t<h1 class=\"elementor-heading-title elementor-size-default\">Club labeLlis\u00e9<\/h1>\t\t\t\t<\/div>\n\t\t\t\t<\/div>\n\t\t\t\t\t<\/div>\n\t\t<\/div>\n\t\t\t\t<div class=\"elementor-column elementor-col-33 elementor-top-column elementor-element elementor-element-2921add\" data-id=\"2921add\" data-element_type=\"column\" data-e-type=\"column\">\n\t\t\t<div class=\"elementor-widget-wrap elementor-element-populated\">\n\t\t\t\t\t\t<div class=\"elementor-element elementor-element-25d7280 elementor-widget elementor-widget-image\" data-id=\"25d7280\" data-element_type=\"widget\" data-e-type=\"widget\" data-widget_type=\"image.default\">\n\t\t\t\t<div class=\"elementor-widget-container\">\n\t\t\t\t\t\t\t\t\t\t\t\t\t\t\t<img fetchpriority=\"high\" decoding=\"async\" width=\"507\" height=\"233\" src=\"https:\/\/www.hiriburukoainharafootball.fr\/wp-content\/uploads\/2024\/02\/lauburu-droite.png\" class=\"attachment-large size-large wp-image-2627\" alt=\"\" srcset=\"https:\/\/www.hiriburukoainharafootball.fr\/wp-content\/uploads\/2024\/02\/lauburu-droite.png 507w, https:\/\/www.hiriburukoainharafootball.fr\/wp-content\/uploads\/2024\/02\/lauburu-droite-300x138.png 300w\" sizes=\"(max-width: 507px) 100vw, 507px\" \/>\t\t\t\t\t\t\t\t\t\t\t\t\t\t\t<\/div>\n\t\t\t\t<\/div>\n\t\t\t\t\t<\/div>\n\t\t<\/div>\n\t\t\t\t\t<\/div>\n\t\t<\/header>\n\t\t\t\t<section class=\"elementor-section elementor-top-section elementor-element elementor-element-4db5697 elementor-section-boxed elementor-section-height-default elementor-section-height-default wpr-particle-no wpr-jarallax-no wpr-parallax-no wpr-sticky-section-no wpr-equal-height-no\" data-id=\"4db5697\" data-element_type=\"section\" data-e-type=\"section\" data-settings=\"{&quot;background_background&quot;:&quot;gradient&quot;}\">\n\t\t\t\t\t\t<div class=\"elementor-container elementor-column-gap-default\">\n\t\t\t\t\t<div class=\"elementor-column elementor-col-100 elementor-top-column elementor-element elementor-element-9de5ae8\" data-id=\"9de5ae8\" data-element_type=\"column\" data-e-type=\"column\">\n\t\t\t<div class=\"elementor-widget-wrap elementor-element-populated\">\n\t\t\t\t\t\t<div class=\"elementor-element elementor-element-7cd0e46 elementor-widget elementor-widget-advanced-text-block\" data-id=\"7cd0e46\" data-element_type=\"widget\" data-e-type=\"widget\" data-widget_type=\"advanced-text-block.default\">\n\t\t\t\t<div class=\"elementor-widget-container\">\n\t\t\t\t\t<div class=\"futurio_extra_adv_text_block \" ><div class=\"text-content-block\"><p><span style=\"color: #ffffff\">Dans le cadre de son d\u00e9veloppement sportif et sa structuration,\u00a0<strong>Hiriburuko Ainhara Football<\/strong>\u00a0a d\u00e9cid\u00e9 de faire les d\u00e9marches pour obtenir des Labels FFF. Ces Labels viennent r\u00e9compenser le travail de qualit\u00e9 r\u00e9alis\u00e9 aupr\u00e8s des jeunes pratiquants et pratiquantes.<\/span><\/p><p><span style=\"color: #ffffff\">Pleinement inscrit dans le cadre de la politique f\u00e9d\u00e9rale d\u2019accompagnement des clubs, les Labels FFF (Label Jeunes, Label EFF et Label Futsal) repr\u00e9sentent une v\u00e9ritable distinction nationale en accompagnant la structuration des clubs autour de 4 axes :<\/span><\/p><ul><li><span style=\"color: #ffffff\">Le projet associatif ;<\/span><\/li><li><span style=\"color: #ffffff\">Le projet sportif ;<\/span><\/li><li><span style=\"color: #ffffff\">Le projet \u00e9ducatif ;<\/span><\/li><li><span style=\"color: #ffffff\">Le projet d\u2019encadrement et de formation.<\/span><\/li><\/ul><p><span style=\"text-decoration: underline;color: #ffffff\">Voici les distinctions obtenues, pour le moment, par le club :<\/span><\/p><\/div><\/div>\t\t\t\t<\/div>\n\t\t\t\t<\/div>\n\t\t\t\t\t<\/div>\n\t\t<\/div>\n\t\t\t\t\t<\/div>\n\t\t<\/section>\n\t\t\t\t<section class=\"elementor-section elementor-top-section elementor-element elementor-element-7a3df37 elementor-section-boxed elementor-section-height-default elementor-section-height-default wpr-particle-no wpr-jarallax-no wpr-parallax-no wpr-sticky-section-no wpr-equal-height-no\" data-id=\"7a3df37\" data-element_type=\"section\" data-e-type=\"section\" data-settings=\"{&quot;background_background&quot;:&quot;gradient&quot;}\">\n\t\t\t\t\t\t<div class=\"elementor-container elementor-column-gap-default\">\n\t\t\t\t\t<div class=\"elementor-column elementor-col-100 elementor-top-column elementor-element elementor-element-372dc66\" data-id=\"372dc66\" data-element_type=\"column\" data-e-type=\"column\">\n\t\t\t<div class=\"elementor-widget-wrap elementor-element-populated\">\n\t\t\t\t\t\t<div class=\"elementor-element elementor-element-a60f6b4 elementor-widget elementor-widget-image\" data-id=\"a60f6b4\" data-element_type=\"widget\" data-e-type=\"widget\" data-widget_type=\"image.default\">\n\t\t\t\t<div class=\"elementor-widget-container\">\n\t\t\t\t\t\t\t\t\t\t\t\t\t\t\t<img decoding=\"async\" src=\"https:\/\/www.hiriburukoainharafootball.fr\/wp-content\/uploads\/elementor\/thumbs\/label20242027-qv7gxr7vymtbgpfurjje1tr03e75c6ssmpvsrp2tck.jpg\" title=\"label20242027\" alt=\"label20242027\" loading=\"lazy\" \/>\t\t\t\t\t\t\t\t\t\t\t\t\t\t\t<\/div>\n\t\t\t\t<\/div>\n\t\t\t\t\t<\/div>\n\t\t<\/div>\n\t\t\t\t\t<\/div>\n\t\t<\/section>\n\t\t\t\t<section class=\"elementor-section elementor-top-section elementor-element elementor-element-ae20255 elementor-section-boxed elementor-section-height-default elementor-section-height-default wpr-particle-no wpr-jarallax-no wpr-parallax-no wpr-sticky-section-no wpr-equal-height-no\" data-id=\"ae20255\" data-element_type=\"section\" data-e-type=\"section\" data-settings=\"{&quot;background_background&quot;:&quot;classic&quot;}\">\n\t\t\t\t\t\t<div class=\"elementor-container elementor-column-gap-default\">\n\t\t\t\t\t<div class=\"elementor-column elementor-col-100 elementor-top-column elementor-element elementor-element-2621256\" data-id=\"2621256\" data-element_type=\"column\" data-e-type=\"column\">\n\t\t\t<div class=\"elementor-widget-wrap elementor-element-populated\">\n\t\t\t\t\t\t<div class=\"elementor-element elementor-element-dac9765 elementor-widget elementor-widget-advanced-text-block\" data-id=\"dac9765\" data-element_type=\"widget\" data-e-type=\"widget\" data-widget_type=\"advanced-text-block.default\">\n\t\t\t\t<div class=\"elementor-widget-container\">\n\t\t\t\t\t<div class=\"futurio_extra_adv_text_block \" ><div class=\"text-content-block\"><p><span style=\"color: #ffffff\"><em>Ce label Jeunes FFF est une distinction attribu\u00e9e sur crit\u00e8res pour une dur\u00e9e de 3 ans. Il a pour objectif d'encourager et de r\u00e9compenser les clubs amateurs pour leur travail de structuration et de d\u00e9veloppement, notamment en mati\u00e8re d\u2019accueil des jeunes footballeurs et footballeuses.<\/em><\/span><\/p><\/div><\/div>\t\t\t\t<\/div>\n\t\t\t\t<\/div>\n\t\t\t\t\t<\/div>\n\t\t<\/div>\n\t\t\t\t\t<\/div>\n\t\t<\/section>\n\t\t\t\t<\/div>\n\t\t","protected":false},"excerpt":{"rendered":"<p>Club labeLlis\u00e9 Dans le cadre de son d\u00e9veloppement sportif et sa structuration,\u00a0Hiriburuko Ainhara Football\u00a0a d\u00e9cid\u00e9 de faire les d\u00e9marches pour obtenir des Labels FFF. Ces Labels viennent r\u00e9compenser le travail de qualit\u00e9 r\u00e9alis\u00e9 aupr\u00e8s des jeunes pratiquants et pratiquantes. Pleinement inscrit dans le cadre de la politique f\u00e9d\u00e9rale d\u2019accompagnement des clubs, les Labels FFF (Label Jeunes, Label EFF et Label Futsal) repr\u00e9sentent une v\u00e9ritable distinction nationale en accompagnant la structuration des clubs autour de 4 axes : Le projet associatif ; Le projet sportif ; Le projet \u00e9ducatif ; Le projet d\u2019encadrement et de formation. Voici les distinctions obtenues, pour le moment, par le club : Ce label Jeunes FFF est une distinction attribu\u00e9e sur crit\u00e8res pour une dur\u00e9e de 3 ans. Il a pour objectif d&rsquo;encourager et de r\u00e9compenser les clubs amateurs pour leur travail de structuration et de d\u00e9veloppement, notamment en mati\u00e8re d\u2019accueil des jeunes footballeurs et footballeuses.<\/p>\n","protected":false},"author":3,"featured_media":0,"parent":0,"menu_order":0,"comment_status":"closed","ping_status":"closed","template":"","meta":{"_seopress_robots_primary_cat":"","_seopress_titles_title":"","_seopress_titles_desc":"","_seopress_robots_index":"","footnotes":""},"class_list":["post-591","page","type-page","status-publish","hentry"],"_links":{"self":[{"href":"https:\/\/www.hiriburukoainharafootball.fr\/index.php\/wp-json\/wp\/v2\/pages\/591","targetHints":{"allow":["GET"]}}],"collection":[{"href":"https:\/\/www.hiriburukoainharafootball.fr\/index.php\/wp-json\/wp\/v2\/pages"}],"about":[{"href":"https:\/\/www.hiriburukoainharafootball.fr\/index.php\/wp-json\/wp\/v2\/types\/page"}],"author":[{"embeddable":true,"href":"https:\/\/www.hiriburukoainharafootball.fr\/index.php\/wp-json\/wp\/v2\/users\/3"}],"replies":[{"embeddable":true,"href":"https:\/\/www.hiriburukoainharafootball.fr\/index.php\/wp-json\/wp\/v2\/comments?post=591"}],"version-history":[{"count":35,"href":"https:\/\/www.hiriburukoainharafootball.fr\/index.php\/wp-json\/wp\/v2\/pages\/591\/revisions"}],"predecessor-version":[{"id":3248,"href":"https:\/\/www.hiriburukoainharafootball.fr\/index.php\/wp-json\/wp\/v2\/pages\/591\/revisions\/3248"}],"wp:attachment":[{"href":"https:\/\/www.hiriburukoainharafootball.fr\/index.php\/wp-json\/wp\/v2\/media?parent=591"}],"curies":[{"name":"wp","href":"https:\/\/api.w.org\/{rel}","templated":true}]}}