{"id":593,"date":"2023-04-25T17:05:15","date_gmt":"2023-04-25T15:05:15","guid":{"rendered":"http:\/\/lakartxela.iutbayonne.univ-pau.fr\/~tsansebastie\/Hiriburuko%20Ainhara%20Football\/?page_id=593"},"modified":"2024-12-07T13:15:11","modified_gmt":"2024-12-07T12:15:11","slug":"section-sportive-aturri","status":"publish","type":"page","link":"https:\/\/www.hiriburukoainharafootball.fr\/index.php\/section-sportive-aturri\/","title":{"rendered":"Section sportive Aturri"},"content":{"rendered":"\t\t<div data-elementor-type=\"wp-page\" data-elementor-id=\"593\" class=\"elementor elementor-593\" data-elementor-post-type=\"page\">\n\t\t\t\t\t\t<header class=\"elementor-section elementor-top-section elementor-element elementor-element-bc4972c elementor-section-full_width elementor-section-content-middle elementor-section-height-default elementor-section-height-default wpr-particle-no wpr-jarallax-no wpr-parallax-no wpr-sticky-section-no wpr-equal-height-no\" data-id=\"bc4972c\" data-element_type=\"section\" data-e-type=\"section\" data-settings=\"{&quot;background_background&quot;:&quot;classic&quot;}\">\n\t\t\t\t\t\t<div class=\"elementor-container elementor-column-gap-no\">\n\t\t\t\t\t<div class=\"elementor-column elementor-col-33 elementor-top-column elementor-element elementor-element-a54aa85\" data-id=\"a54aa85\" data-element_type=\"column\" data-e-type=\"column\">\n\t\t\t<div class=\"elementor-widget-wrap elementor-element-populated\">\n\t\t\t\t\t\t<div class=\"elementor-element elementor-element-b44bf35 elementor-widget__width-initial elementor-widget elementor-widget-image\" data-id=\"b44bf35\" data-element_type=\"widget\" data-e-type=\"widget\" data-widget_type=\"image.default\">\n\t\t\t\t<div class=\"elementor-widget-container\">\n\t\t\t\t\t\t\t\t\t\t\t\t\t\t\t<img decoding=\"async\" width=\"150\" height=\"150\" src=\"https:\/\/www.hiriburukoainharafootball.fr\/wp-content\/uploads\/2023\/05\/aturri-removebg-preview-150x150.png\" class=\"attachment-thumbnail size-thumbnail wp-image-1746\" alt=\"\" srcset=\"https:\/\/www.hiriburukoainharafootball.fr\/wp-content\/uploads\/2023\/05\/aturri-removebg-preview-150x150.png 150w, https:\/\/www.hiriburukoainharafootball.fr\/wp-content\/uploads\/2023\/05\/aturri-removebg-preview-300x300.png 300w\" sizes=\"(max-width: 150px) 100vw, 150px\" \/>\t\t\t\t\t\t\t\t\t\t\t\t\t\t\t<\/div>\n\t\t\t\t<\/div>\n\t\t\t\t\t<\/div>\n\t\t<\/div>\n\t\t\t\t<div class=\"elementor-column elementor-col-33 elementor-top-column elementor-element elementor-element-5a3dde9\" data-id=\"5a3dde9\" data-element_type=\"column\" data-e-type=\"column\">\n\t\t\t<div class=\"elementor-widget-wrap elementor-element-populated\">\n\t\t\t\t\t\t<div class=\"elementor-element elementor-element-7618b13 elementor-widget__width-initial elementor-widget-mobile__width-initial elementor-widget elementor-widget-heading\" data-id=\"7618b13\" data-element_type=\"widget\" data-e-type=\"widget\" data-widget_type=\"heading.default\">\n\t\t\t\t<div class=\"elementor-widget-container\">\n\t\t\t\t\t<h1 class=\"elementor-heading-title elementor-size-default\">SECTION SPORTIVE ATURRI<\/h1>\t\t\t\t<\/div>\n\t\t\t\t<\/div>\n\t\t\t\t\t<\/div>\n\t\t<\/div>\n\t\t\t\t<div class=\"elementor-column elementor-col-33 elementor-top-column elementor-element elementor-element-aeb9a30\" data-id=\"aeb9a30\" data-element_type=\"column\" data-e-type=\"column\">\n\t\t\t<div class=\"elementor-widget-wrap elementor-element-populated\">\n\t\t\t\t\t\t<div class=\"elementor-element elementor-element-afb568e elementor-widget elementor-widget-image\" data-id=\"afb568e\" data-element_type=\"widget\" data-e-type=\"widget\" data-widget_type=\"image.default\">\n\t\t\t\t<div class=\"elementor-widget-container\">\n\t\t\t\t\t\t\t\t\t\t\t\t\t\t\t<img fetchpriority=\"high\" decoding=\"async\" width=\"507\" height=\"233\" src=\"https:\/\/www.hiriburukoainharafootball.fr\/wp-content\/uploads\/2024\/02\/lauburu-droite.png\" class=\"attachment-large size-large wp-image-2627\" alt=\"\" srcset=\"https:\/\/www.hiriburukoainharafootball.fr\/wp-content\/uploads\/2024\/02\/lauburu-droite.png 507w, https:\/\/www.hiriburukoainharafootball.fr\/wp-content\/uploads\/2024\/02\/lauburu-droite-300x138.png 300w\" sizes=\"(max-width: 507px) 100vw, 507px\" \/>\t\t\t\t\t\t\t\t\t\t\t\t\t\t\t<\/div>\n\t\t\t\t<\/div>\n\t\t\t\t\t<\/div>\n\t\t<\/div>\n\t\t\t\t\t<\/div>\n\t\t<\/header>\n\t\t\t\t<section class=\"elementor-section elementor-top-section elementor-element elementor-element-d40dc0a elementor-section-boxed elementor-section-height-default elementor-section-height-default wpr-particle-no wpr-jarallax-no wpr-parallax-no wpr-sticky-section-no wpr-equal-height-no\" data-id=\"d40dc0a\" data-element_type=\"section\" data-e-type=\"section\">\n\t\t\t\t\t\t<div class=\"elementor-container elementor-column-gap-default\">\n\t\t\t\t\t<div class=\"elementor-column elementor-col-100 elementor-top-column elementor-element elementor-element-e9d89cb\" data-id=\"e9d89cb\" data-element_type=\"column\" data-e-type=\"column\">\n\t\t\t<div class=\"elementor-widget-wrap elementor-element-populated\">\n\t\t\t\t\t\t<div class=\"elementor-element elementor-element-0aa8bf1 elementor-widget elementor-widget-image\" data-id=\"0aa8bf1\" data-element_type=\"widget\" data-e-type=\"widget\" data-widget_type=\"image.default\">\n\t\t\t\t<div class=\"elementor-widget-container\">\n\t\t\t\t\t\t\t\t\t\t\t\t\t\t\t<img decoding=\"async\" width=\"1024\" height=\"683\" src=\"https:\/\/www.hiriburukoainharafootball.fr\/wp-content\/uploads\/2024\/12\/Section-Aturri-1024x683.jpg\" class=\"attachment-large size-large wp-image-3950\" alt=\"\" srcset=\"https:\/\/www.hiriburukoainharafootball.fr\/wp-content\/uploads\/2024\/12\/Section-Aturri-1024x683.jpg 1024w, https:\/\/www.hiriburukoainharafootball.fr\/wp-content\/uploads\/2024\/12\/Section-Aturri-300x200.jpg 300w, https:\/\/www.hiriburukoainharafootball.fr\/wp-content\/uploads\/2024\/12\/Section-Aturri-768x512.jpg 768w, https:\/\/www.hiriburukoainharafootball.fr\/wp-content\/uploads\/2024\/12\/Section-Aturri-1536x1024.jpg 1536w, https:\/\/www.hiriburukoainharafootball.fr\/wp-content\/uploads\/2024\/12\/Section-Aturri-2048x1365.jpg 2048w\" sizes=\"(max-width: 1024px) 100vw, 1024px\" \/>\t\t\t\t\t\t\t\t\t\t\t\t\t\t\t<\/div>\n\t\t\t\t<\/div>\n\t\t\t\t\t<\/div>\n\t\t<\/div>\n\t\t\t\t\t<\/div>\n\t\t<\/section>\n\t\t\t\t<section class=\"elementor-section elementor-top-section elementor-element elementor-element-28ed5b4 elementor-section-boxed elementor-section-height-default elementor-section-height-default wpr-particle-no wpr-jarallax-no wpr-parallax-no wpr-sticky-section-no wpr-equal-height-no\" data-id=\"28ed5b4\" data-element_type=\"section\" data-e-type=\"section\" data-settings=\"{&quot;background_background&quot;:&quot;gradient&quot;}\">\n\t\t\t\t\t\t<div class=\"elementor-container elementor-column-gap-default\">\n\t\t\t\t\t<div class=\"elementor-column elementor-col-100 elementor-top-column elementor-element elementor-element-d883d38\" data-id=\"d883d38\" data-element_type=\"column\" data-e-type=\"column\" data-settings=\"{&quot;background_background&quot;:&quot;classic&quot;}\">\n\t\t\t<div class=\"elementor-widget-wrap elementor-element-populated\">\n\t\t\t\t\t\t<div class=\"elementor-element elementor-element-fb0ebd0 elementor-widget elementor-widget-advanced-text-block\" data-id=\"fb0ebd0\" data-element_type=\"widget\" data-e-type=\"widget\" data-widget_type=\"advanced-text-block.default\">\n\t\t\t\t<div class=\"elementor-widget-container\">\n\t\t\t\t\t<div class=\"futurio_extra_adv_text_block \" ><div class=\"text-content-block\"><p><span style=\"color: #ffffff\">Depuis la rentr\u00e9e 2022 et en partenariat avec le Coll\u00e8ge Aturri (394 Avenue des Pyr\u00e9n\u00e9es 64990 Saint-Pierre-d'Irube), Hiriburuko Ainhara Football a ouvert une section sportive filles et gar\u00e7ons.<\/span><\/p><p><span style=\"color: #ffffff\">Ce dispositif de double cursus, associant sport et \u00e9tudes en partenariat avec la FFF, existe dans pr\u00e8s de 1 000 \u00e9tablissements et permet d'acc\u00e9der \u00e0 une formation d'excellence tout en maintenant l'\u00e9cole au c\u0153ur du projet.<\/span><\/p><p><span style=\"color: #ffffff\">Les sections sportives scolaires donnent \u00e0 l'\u00e9l\u00e8ve volontaire la possibilit\u00e9 de pratiquer davantage d\u2019activit\u00e9 sportive, d'atteindre un bon niveau de pratique dans son sport de pr\u00e9dilection, et de concilier \u00e9tudes et pratique sportive renforc\u00e9es.<\/span><\/p><p><span style=\"color: #ffffff\">Les coll\u00e9giens en section sportive suivent une scolarit\u00e9 normale tout en ayant au\u00a0<span style=\"text-decoration: underline\">minimum 3 heures<\/span>\u00a0de pratique sportive suppl\u00e9mentaires par semaine, gr\u00e2ce \u00e0 un emploi du temps am\u00e9nag\u00e9.<\/span><\/p><p><span style=\"color: #ffffff\">Des entra\u00eenements qui viennent s'ajouter \u00e0 l'EPS (\u00e9ducation physique et sportive) obligatoire, \u00e0 la pratique en club et \u00e0 l'engagement fortement recommand\u00e9 dans l'association sportive de leur \u00e9tablissement.<\/span><\/p><p><span style=\"color: #ffffff\">Ces sections, qui accueillent\u00a0<span style=\"text-decoration: underline\">15 \u00e0 20 \u00e9l\u00e8ves par classe<\/span>, sont\u00a0<strong>tr\u00e8s s\u00e9lectives<\/strong>. Les plus exigeantes recrutent des profils d\u00e9j\u00e0 rep\u00e9r\u00e9s par leur f\u00e9d\u00e9ration et requi\u00e8rent un bon niveau de pratique sportive et scolaire. D'autres \u00e9valuent surtout l'engagement du jeune dans son parcours scolaire et son attitude.<\/span><\/p><p><span style=\"color: #ffffff\">Le recrutement est\u00a0<span style=\"text-decoration: underline\">tr\u00e8s majoritairement local<\/span>.\u00a0<strong>Pour postuler en section sportive, les candidats doivent prendre contact directement avec l'\u00e9tablissement d\u00e8s le 2e trimestre du CM2<\/strong>.<\/span><\/p><p><span style=\"color: #ffffff\">Assur\u00e9 par des professeurs d'EPS, souvent accompagn\u00e9s par des intervenants ext\u00e9rieurs issus d'un club partenaire ou de la f\u00e9d\u00e9ration, l'enseignement est essentiellement ax\u00e9 sur le perfectionnement technique, tactique et sur la connaissance des r\u00e8gles et de l'arbitrage.<\/span><\/p><p><span style=\"color: #ffffff\">Les jeunes sont aussi sensibilis\u00e9s \u00e0 l'hygi\u00e8ne de vie, l'\u00e9quilibre alimentaire et s'impliquent dans les actions d'\u00e9ducation sportive de leur \u00e9tablissement.<\/span><\/p><p><span style=\"color: #ffffff\"><span style=\"text-decoration: underline\">Responsable<\/span> : Julien Mu\u00f1oz<\/span><\/p><p><span style=\"color: #ffffff\"><span style=\"text-decoration: underline\">Responsable Coll\u00e8ge<\/span> : Rapha\u00ebl Alvarez<\/span><\/p><\/div><\/div>\t\t\t\t<\/div>\n\t\t\t\t<\/div>\n\t\t\t\t\t<\/div>\n\t\t<\/div>\n\t\t\t\t\t<\/div>\n\t\t<\/section>\n\t\t\t\t<\/div>\n\t\t","protected":false},"excerpt":{"rendered":"<p>SECTION SPORTIVE ATURRI Depuis la rentr\u00e9e 2022 et en partenariat avec le Coll\u00e8ge Aturri (394 Avenue des Pyr\u00e9n\u00e9es 64990 Saint-Pierre-d&rsquo;Irube), Hiriburuko Ainhara Football a ouvert une section sportive filles et gar\u00e7ons. Ce dispositif de double cursus, associant sport et \u00e9tudes en partenariat avec la FFF, existe dans pr\u00e8s de 1 000 \u00e9tablissements et permet d&rsquo;acc\u00e9der \u00e0 une formation d&rsquo;excellence tout en maintenant l&rsquo;\u00e9cole au c\u0153ur du projet. Les sections sportives scolaires donnent \u00e0 l&rsquo;\u00e9l\u00e8ve volontaire la possibilit\u00e9 de pratiquer davantage d\u2019activit\u00e9 sportive, d&rsquo;atteindre un bon niveau de pratique dans son sport de pr\u00e9dilection, et de concilier \u00e9tudes et pratique sportive renforc\u00e9es. Les coll\u00e9giens en section sportive suivent une scolarit\u00e9 normale tout en ayant au\u00a0minimum 3 heures\u00a0de pratique sportive suppl\u00e9mentaires par semaine, gr\u00e2ce \u00e0 un emploi du temps am\u00e9nag\u00e9. Des entra\u00eenements qui viennent s&rsquo;ajouter \u00e0 l&rsquo;EPS (\u00e9ducation physique et sportive) obligatoire, \u00e0 la pratique en club et \u00e0 l&rsquo;engagement fortement recommand\u00e9 dans l&rsquo;association sportive de leur \u00e9tablissement. Ces sections, qui accueillent\u00a015 \u00e0 20 \u00e9l\u00e8ves par classe, sont\u00a0tr\u00e8s s\u00e9lectives. Les plus exigeantes recrutent des profils d\u00e9j\u00e0 rep\u00e9r\u00e9s par leur f\u00e9d\u00e9ration et requi\u00e8rent un bon niveau de pratique sportive et scolaire. D&rsquo;autres \u00e9valuent surtout l&rsquo;engagement du jeune dans son parcours scolaire et son attitude. Le recrutement est\u00a0tr\u00e8s majoritairement local.\u00a0Pour postuler en section sportive, les candidats doivent prendre contact directement avec l&rsquo;\u00e9tablissement d\u00e8s le 2e trimestre du CM2. Assur\u00e9 par des professeurs d&rsquo;EPS, souvent accompagn\u00e9s par des intervenants ext\u00e9rieurs issus d&rsquo;un club partenaire ou de la f\u00e9d\u00e9ration, l&rsquo;enseignement est essentiellement ax\u00e9 sur le perfectionnement technique, tactique et sur la connaissance des r\u00e8gles et de l&rsquo;arbitrage. Les jeunes sont aussi sensibilis\u00e9s \u00e0 l&rsquo;hygi\u00e8ne de vie, l&rsquo;\u00e9quilibre alimentaire et s&rsquo;impliquent dans les actions d&rsquo;\u00e9ducation sportive de leur \u00e9tablissement. Responsable : Julien Mu\u00f1oz Responsable Coll\u00e8ge : Rapha\u00ebl Alvarez<\/p>\n","protected":false},"author":3,"featured_media":0,"parent":0,"menu_order":0,"comment_status":"closed","ping_status":"closed","template":"","meta":{"_seopress_robots_primary_cat":"","_seopress_titles_title":"","_seopress_titles_desc":"Depuis la rentr\u00e9e 2022 et en partenariat avec le Coll\u00e8ge Aturri, Hiriburuko Ainhara Football a ouvert une section sportive s\u2019adressant aux \u00e9l\u00e8ves entrant en\u00a06\u00e8me\u00a0et\u00a05\u00e8me.","_seopress_robots_index":"","footnotes":""},"class_list":["post-593","page","type-page","status-publish","hentry"],"_links":{"self":[{"href":"https:\/\/www.hiriburukoainharafootball.fr\/index.php\/wp-json\/wp\/v2\/pages\/593","targetHints":{"allow":["GET"]}}],"collection":[{"href":"https:\/\/www.hiriburukoainharafootball.fr\/index.php\/wp-json\/wp\/v2\/pages"}],"about":[{"href":"https:\/\/www.hiriburukoainharafootball.fr\/index.php\/wp-json\/wp\/v2\/types\/page"}],"author":[{"embeddable":true,"href":"https:\/\/www.hiriburukoainharafootball.fr\/index.php\/wp-json\/wp\/v2\/users\/3"}],"replies":[{"embeddable":true,"href":"https:\/\/www.hiriburukoainharafootball.fr\/index.php\/wp-json\/wp\/v2\/comments?post=593"}],"version-history":[{"count":38,"href":"https:\/\/www.hiriburukoainharafootball.fr\/index.php\/wp-json\/wp\/v2\/pages\/593\/revisions"}],"predecessor-version":[{"id":3994,"href":"https:\/\/www.hiriburukoainharafootball.fr\/index.php\/wp-json\/wp\/v2\/pages\/593\/revisions\/3994"}],"wp:attachment":[{"href":"https:\/\/www.hiriburukoainharafootball.fr\/index.php\/wp-json\/wp\/v2\/media?parent=593"}],"curies":[{"name":"wp","href":"https:\/\/api.w.org\/{rel}","templated":true}]}}