{"id":597,"date":"2023-04-25T17:07:15","date_gmt":"2023-04-25T15:07:15","guid":{"rendered":"http:\/\/lakartxela.iutbayonne.univ-pau.fr\/~tsansebastie\/Hiriburuko%20Ainhara%20Football\/?page_id=597"},"modified":"2025-09-16T22:31:58","modified_gmt":"2025-09-16T20:31:58","slug":"tournois","status":"publish","type":"page","link":"https:\/\/www.hiriburukoainharafootball.fr\/index.php\/tournois\/","title":{"rendered":"Tournois"},"content":{"rendered":"\t\t<div data-elementor-type=\"wp-page\" data-elementor-id=\"597\" class=\"elementor elementor-597\" data-elementor-post-type=\"page\">\n\t\t\t\t\t\t<header class=\"elementor-section elementor-top-section elementor-element elementor-element-8666ae2 elementor-section-full_width elementor-section-content-middle elementor-section-height-default elementor-section-height-default wpr-particle-no wpr-jarallax-no wpr-parallax-no wpr-sticky-section-no wpr-equal-height-no\" data-id=\"8666ae2\" data-element_type=\"section\" data-e-type=\"section\" data-settings=\"{&quot;background_background&quot;:&quot;classic&quot;}\">\n\t\t\t\t\t\t<div class=\"elementor-container elementor-column-gap-no\">\n\t\t\t\t\t<div class=\"elementor-column elementor-col-33 elementor-top-column elementor-element elementor-element-91ccfce\" data-id=\"91ccfce\" data-element_type=\"column\" data-e-type=\"column\">\n\t\t\t<div class=\"elementor-widget-wrap elementor-element-populated\">\n\t\t\t\t\t\t<div class=\"elementor-element elementor-element-525e348 elementor-widget__width-initial elementor-widget elementor-widget-image\" data-id=\"525e348\" data-element_type=\"widget\" data-e-type=\"widget\" data-widget_type=\"image.default\">\n\t\t\t\t<div class=\"elementor-widget-container\">\n\t\t\t\t\t\t\t\t\t\t\t\t\t\t\t<img decoding=\"async\" width=\"150\" height=\"150\" src=\"https:\/\/www.hiriburukoainharafootball.fr\/wp-content\/uploads\/2024\/02\/logo-gauche-150x150.png\" class=\"attachment-thumbnail size-thumbnail wp-image-2626\" alt=\"\" srcset=\"https:\/\/www.hiriburukoainharafootball.fr\/wp-content\/uploads\/2024\/02\/logo-gauche-150x150.png 150w, https:\/\/www.hiriburukoainharafootball.fr\/wp-content\/uploads\/2024\/02\/elementor\/thumbs\/logo-gauche-qjt8pmhk0cqexld5mbjk3d8b3fwou2b6zni5cmwwx8.png 30w, https:\/\/www.hiriburukoainharafootball.fr\/wp-content\/uploads\/2024\/02\/elementor\/thumbs\/logo-gauche-qjt8pmhk94hp96zwi3psikzzawr0keyc60f6kx0cxg.png 50w, https:\/\/www.hiriburukoainharafootball.fr\/wp-content\/uploads\/2024\/02\/elementor\/thumbs\/logo-gauche-qjt8pmhkv1vx272rpk5dkmf5tkutwak73wprnm8yy0.png 100w, https:\/\/www.hiriburukoainharafootball.fr\/wp-content\/uploads\/2024\/02\/elementor\/thumbs\/logo-gauche-qjt8pmhkma4mqlg0trz55enhm40i5xx1xjsqfc5ixs.png 80w\" sizes=\"(max-width: 150px) 100vw, 150px\" \/>\t\t\t\t\t\t\t\t\t\t\t\t\t\t\t<\/div>\n\t\t\t\t<\/div>\n\t\t\t\t\t<\/div>\n\t\t<\/div>\n\t\t\t\t<div class=\"elementor-column elementor-col-33 elementor-top-column elementor-element elementor-element-5bf30d3\" data-id=\"5bf30d3\" data-element_type=\"column\" data-e-type=\"column\">\n\t\t\t<div class=\"elementor-widget-wrap elementor-element-populated\">\n\t\t\t\t\t\t<div class=\"elementor-element elementor-element-965d8b3 elementor-widget__width-initial elementor-widget-mobile__width-initial elementor-widget elementor-widget-heading\" data-id=\"965d8b3\" data-element_type=\"widget\" data-e-type=\"widget\" data-widget_type=\"heading.default\">\n\t\t\t\t<div class=\"elementor-widget-container\">\n\t\t\t\t\t<h1 class=\"elementor-heading-title elementor-size-default\">Tournois<\/h1>\t\t\t\t<\/div>\n\t\t\t\t<\/div>\n\t\t\t\t\t<\/div>\n\t\t<\/div>\n\t\t\t\t<div class=\"elementor-column elementor-col-33 elementor-top-column elementor-element elementor-element-dbf6fc2\" data-id=\"dbf6fc2\" data-element_type=\"column\" data-e-type=\"column\">\n\t\t\t<div class=\"elementor-widget-wrap elementor-element-populated\">\n\t\t\t\t\t\t<div class=\"elementor-element elementor-element-3d0ed8e elementor-widget elementor-widget-image\" data-id=\"3d0ed8e\" data-element_type=\"widget\" data-e-type=\"widget\" data-widget_type=\"image.default\">\n\t\t\t\t<div class=\"elementor-widget-container\">\n\t\t\t\t\t\t\t\t\t\t\t\t\t\t\t<img fetchpriority=\"high\" decoding=\"async\" width=\"507\" height=\"233\" src=\"https:\/\/www.hiriburukoainharafootball.fr\/wp-content\/uploads\/2024\/02\/lauburu-droite.png\" class=\"attachment-large size-large wp-image-2627\" alt=\"\" srcset=\"https:\/\/www.hiriburukoainharafootball.fr\/wp-content\/uploads\/2024\/02\/lauburu-droite.png 507w, https:\/\/www.hiriburukoainharafootball.fr\/wp-content\/uploads\/2024\/02\/lauburu-droite-300x138.png 300w\" sizes=\"(max-width: 507px) 100vw, 507px\" \/>\t\t\t\t\t\t\t\t\t\t\t\t\t\t\t<\/div>\n\t\t\t\t<\/div>\n\t\t\t\t\t<\/div>\n\t\t<\/div>\n\t\t\t\t\t<\/div>\n\t\t<\/header>\n\t\t\t\t<section class=\"elementor-section elementor-top-section elementor-element elementor-element-c2a0e0a elementor-section-boxed elementor-section-height-default elementor-section-height-default wpr-particle-no wpr-jarallax-no wpr-parallax-no wpr-sticky-section-no wpr-equal-height-no\" data-id=\"c2a0e0a\" data-element_type=\"section\" data-e-type=\"section\">\n\t\t\t\t\t\t<div class=\"elementor-container elementor-column-gap-default\">\n\t\t\t\t\t<div class=\"elementor-column elementor-col-100 elementor-top-column elementor-element elementor-element-038af40\" data-id=\"038af40\" data-element_type=\"column\" data-e-type=\"column\">\n\t\t\t<div class=\"elementor-widget-wrap elementor-element-populated\">\n\t\t\t\t\t\t<div class=\"elementor-element elementor-element-d82680c elementor-widget elementor-widget-text-editor\" data-id=\"d82680c\" data-element_type=\"widget\" data-e-type=\"widget\" data-widget_type=\"text-editor.default\">\n\t\t\t\t<div class=\"elementor-widget-container\">\n\t\t\t\t\t\t\t\t\t<p>Le club organise plusieurs tournois au cours de la saison :<\/p>\n<p>TOURNOI UDAZKENA CUP pendant un week-end des vacances d&rsquo;automne :<\/p>\n<ul>\n<li>une journ\u00e9e pour les U11F-U13F<\/li>\n<li>une journ\u00e9e pour les U11F-U13F<\/li>\n<\/ul>\n<p>TOURNOI PAUL LARRALDE en fin de saison sur 2 week-end du mois de juin :<\/p>\n<ul>\n<li>une journ\u00e9e&nbsp;pour les U6-U7-U8-U9<\/li>\n<li>une journ\u00e9e pour les U10-U11<\/li>\n<li>une journ\u00e9e pour les U12-U13<\/li>\n<\/ul>\t\t\t\t\t\t\t\t<\/div>\n\t\t\t\t<\/div>\n\t\t\t\t\t<\/div>\n\t\t<\/div>\n\t\t\t\t\t<\/div>\n\t\t<\/section>\n\t\t\t\t<section class=\"elementor-section elementor-top-section elementor-element elementor-element-edc540e elementor-section-boxed elementor-section-height-default elementor-section-height-default wpr-particle-no wpr-jarallax-no wpr-parallax-no wpr-sticky-section-no wpr-equal-height-no\" data-id=\"edc540e\" data-element_type=\"section\" data-e-type=\"section\">\n\t\t\t\t\t\t<div class=\"elementor-container elementor-column-gap-default\">\n\t\t\t\t\t<div class=\"elementor-column elementor-col-50 elementor-top-column elementor-element elementor-element-f489bf2\" data-id=\"f489bf2\" data-element_type=\"column\" data-e-type=\"column\">\n\t\t\t<div class=\"elementor-widget-wrap elementor-element-populated\">\n\t\t\t\t\t\t<div class=\"elementor-element elementor-element-dd14fbe elementor-widget elementor-widget-html\" data-id=\"dd14fbe\" data-element_type=\"widget\" data-e-type=\"widget\" data-widget_type=\"html.default\">\n\t\t\t\t<div class=\"elementor-widget-container\">\n\t\t\t\t\t\t\t\t<iframe\n\t\t\t\tid=\"idIframe\"\n\t\t\t\tsrc=\"https:\/\/www.helloasso.com\/associations\/amicale-sportive-et-culturelle-hiriburuko-ainhara-football\/adhesions\/udazkena-kup-neskentzat-u13f-26-octobre-2025\/widget-vignette\"\n\t\t\t\theight=450px\"\t\t\t\twidth=350px\"\t\t\t\tframeborder=\"0\"\n\t\t\t\tloading=\"lazy\"\n\t\t\t\tallowtransparency=\"true\"\n\t\t\t\tonload=\"resizeIframeMessage()\"><\/iframe>\n\t\t\t\t<\/div>\n\t\t\t\t<\/div>\n\t\t\t\t\t<\/div>\n\t\t<\/div>\n\t\t\t\t<div class=\"elementor-column elementor-col-50 elementor-top-column elementor-element elementor-element-23a9c8d\" data-id=\"23a9c8d\" data-element_type=\"column\" data-e-type=\"column\">\n\t\t\t<div class=\"elementor-widget-wrap elementor-element-populated\">\n\t\t\t\t\t\t<div class=\"elementor-element elementor-element-c6b34d0 elementor-widget elementor-widget-html\" data-id=\"c6b34d0\" data-element_type=\"widget\" data-e-type=\"widget\" data-widget_type=\"html.default\">\n\t\t\t\t<div class=\"elementor-widget-container\">\n\t\t\t\t\t\t\t\t<iframe\n\t\t\t\tid=\"idIframe\"\n\t\t\t\tsrc=\"https:\/\/www.helloasso.com\/associations\/amicale-sportive-et-culturelle-hiriburuko-ainhara-football\/adhesions\/udazkena-kup-u11-g-et-u13-g-25-octobre-2025\/widget-vignette\"\n\t\t\t\theight=450px\"\t\t\t\twidth=350px\"\t\t\t\tframeborder=\"0\"\n\t\t\t\tloading=\"lazy\"\n\t\t\t\tallowtransparency=\"true\"\n\t\t\t\tonload=\"resizeIframeMessage()\"><\/iframe>\n\t\t\t\t<\/div>\n\t\t\t\t<\/div>\n\t\t\t\t\t<\/div>\n\t\t<\/div>\n\t\t\t\t\t<\/div>\n\t\t<\/section>\n\t\t\t\t<\/div>\n\t\t","protected":false},"excerpt":{"rendered":"<p>Tournois Le club organise plusieurs tournois au cours de la saison : TOURNOI UDAZKENA CUP pendant un week-end des vacances d&rsquo;automne : une journ\u00e9e pour les U11F-U13F une journ\u00e9e pour les U11F-U13F TOURNOI PAUL LARRALDE en fin de saison sur 2 week-end du mois de juin : une journ\u00e9e&nbsp;pour les U6-U7-U8-U9 une journ\u00e9e pour les U10-U11 une journ\u00e9e pour les U12-U13<\/p>\n","protected":false},"author":3,"featured_media":0,"parent":0,"menu_order":0,"comment_status":"closed","ping_status":"closed","template":"","meta":{"_seopress_robots_primary_cat":"","_seopress_titles_title":"","_seopress_titles_desc":"","_seopress_robots_index":"","footnotes":""},"class_list":["post-597","page","type-page","status-publish","hentry"],"_links":{"self":[{"href":"https:\/\/www.hiriburukoainharafootball.fr\/index.php\/wp-json\/wp\/v2\/pages\/597","targetHints":{"allow":["GET"]}}],"collection":[{"href":"https:\/\/www.hiriburukoainharafootball.fr\/index.php\/wp-json\/wp\/v2\/pages"}],"about":[{"href":"https:\/\/www.hiriburukoainharafootball.fr\/index.php\/wp-json\/wp\/v2\/types\/page"}],"author":[{"embeddable":true,"href":"https:\/\/www.hiriburukoainharafootball.fr\/index.php\/wp-json\/wp\/v2\/users\/3"}],"replies":[{"embeddable":true,"href":"https:\/\/www.hiriburukoainharafootball.fr\/index.php\/wp-json\/wp\/v2\/comments?post=597"}],"version-history":[{"count":99,"href":"https:\/\/www.hiriburukoainharafootball.fr\/index.php\/wp-json\/wp\/v2\/pages\/597\/revisions"}],"predecessor-version":[{"id":5280,"href":"https:\/\/www.hiriburukoainharafootball.fr\/index.php\/wp-json\/wp\/v2\/pages\/597\/revisions\/5280"}],"wp:attachment":[{"href":"https:\/\/www.hiriburukoainharafootball.fr\/index.php\/wp-json\/wp\/v2\/media?parent=597"}],"curies":[{"name":"wp","href":"https:\/\/api.w.org\/{rel}","templated":true}]}}