{"id":634,"date":"2023-04-25T17:17:28","date_gmt":"2023-04-25T15:17:28","guid":{"rendered":"http:\/\/lakartxela.iutbayonne.univ-pau.fr\/~tsansebastie\/Hiriburuko%20Ainhara%20Football\/?page_id=634"},"modified":"2024-10-29T21:59:55","modified_gmt":"2024-10-29T20:59:55","slug":"athletic-club-bilbao","status":"publish","type":"page","link":"https:\/\/www.hiriburukoainharafootball.fr\/index.php\/athletic-club-bilbao\/","title":{"rendered":"Athletic Club Bilbao"},"content":{"rendered":"\t\t<div data-elementor-type=\"wp-page\" data-elementor-id=\"634\" class=\"elementor elementor-634\" data-elementor-post-type=\"page\">\n\t\t\t\t\t\t<header class=\"elementor-section elementor-top-section elementor-element elementor-element-5f41e0d elementor-section-full_width elementor-section-content-middle elementor-section-height-default elementor-section-height-default wpr-particle-no wpr-jarallax-no wpr-parallax-no wpr-sticky-section-no wpr-equal-height-no\" data-id=\"5f41e0d\" data-element_type=\"section\" data-e-type=\"section\" data-settings=\"{&quot;background_background&quot;:&quot;classic&quot;,&quot;animation&quot;:&quot;none&quot;}\">\n\t\t\t\t\t\t<div class=\"elementor-container elementor-column-gap-no\">\n\t\t\t\t\t<div class=\"elementor-column elementor-col-33 elementor-top-column elementor-element elementor-element-5987792\" data-id=\"5987792\" data-element_type=\"column\" data-e-type=\"column\">\n\t\t\t<div class=\"elementor-widget-wrap elementor-element-populated\">\n\t\t\t\t\t\t<div class=\"elementor-element elementor-element-8fd1db1 elementor-widget__width-initial elementor-widget elementor-widget-image\" data-id=\"8fd1db1\" data-element_type=\"widget\" data-e-type=\"widget\" data-widget_type=\"image.default\">\n\t\t\t\t<div class=\"elementor-widget-container\">\n\t\t\t\t\t\t\t\t\t\t\t\t\t\t\t<img decoding=\"async\" width=\"150\" height=\"150\" src=\"https:\/\/www.hiriburukoainharafootball.fr\/wp-content\/uploads\/2024\/02\/logo-gauche-150x150.png\" class=\"attachment-thumbnail size-thumbnail wp-image-2626\" alt=\"\" srcset=\"https:\/\/www.hiriburukoainharafootball.fr\/wp-content\/uploads\/2024\/02\/logo-gauche-150x150.png 150w, https:\/\/www.hiriburukoainharafootball.fr\/wp-content\/uploads\/2024\/02\/elementor\/thumbs\/logo-gauche-qjt8pmhk0cqexld5mbjk3d8b3fwou2b6zni5cmwwx8.png 30w, https:\/\/www.hiriburukoainharafootball.fr\/wp-content\/uploads\/2024\/02\/elementor\/thumbs\/logo-gauche-qjt8pmhk94hp96zwi3psikzzawr0keyc60f6kx0cxg.png 50w, https:\/\/www.hiriburukoainharafootball.fr\/wp-content\/uploads\/2024\/02\/elementor\/thumbs\/logo-gauche-qjt8pmhkv1vx272rpk5dkmf5tkutwak73wprnm8yy0.png 100w, https:\/\/www.hiriburukoainharafootball.fr\/wp-content\/uploads\/2024\/02\/elementor\/thumbs\/logo-gauche-qjt8pmhkma4mqlg0trz55enhm40i5xx1xjsqfc5ixs.png 80w\" sizes=\"(max-width: 150px) 100vw, 150px\" \/>\t\t\t\t\t\t\t\t\t\t\t\t\t\t\t<\/div>\n\t\t\t\t<\/div>\n\t\t\t\t\t<\/div>\n\t\t<\/div>\n\t\t\t\t<div class=\"elementor-column elementor-col-33 elementor-top-column elementor-element elementor-element-ff89245\" data-id=\"ff89245\" data-element_type=\"column\" data-e-type=\"column\">\n\t\t\t<div class=\"elementor-widget-wrap elementor-element-populated\">\n\t\t\t\t\t\t<div class=\"elementor-element elementor-element-a57e9ba elementor-widget__width-initial elementor-widget-mobile__width-initial animated-fast elementor-widget elementor-widget-heading\" data-id=\"a57e9ba\" data-element_type=\"widget\" data-e-type=\"widget\" data-settings=\"{&quot;_animation&quot;:&quot;none&quot;}\" data-widget_type=\"heading.default\">\n\t\t\t\t<div class=\"elementor-widget-container\">\n\t\t\t\t\t<h1 class=\"elementor-heading-title elementor-size-default\">ATHLETIC CLUB BILBAO<\/h1>\t\t\t\t<\/div>\n\t\t\t\t<\/div>\n\t\t\t\t\t<\/div>\n\t\t<\/div>\n\t\t\t\t<div class=\"elementor-column elementor-col-33 elementor-top-column elementor-element elementor-element-143a9a9\" data-id=\"143a9a9\" data-element_type=\"column\" data-e-type=\"column\">\n\t\t\t<div class=\"elementor-widget-wrap elementor-element-populated\">\n\t\t\t\t\t\t<div class=\"elementor-element elementor-element-a92eba3 elementor-widget elementor-widget-image\" data-id=\"a92eba3\" data-element_type=\"widget\" data-e-type=\"widget\" data-widget_type=\"image.default\">\n\t\t\t\t<div class=\"elementor-widget-container\">\n\t\t\t\t\t\t\t\t\t\t\t\t\t\t\t<img fetchpriority=\"high\" decoding=\"async\" width=\"507\" height=\"233\" src=\"https:\/\/www.hiriburukoainharafootball.fr\/wp-content\/uploads\/2024\/02\/lauburu-droite.png\" class=\"attachment-large size-large wp-image-2627\" alt=\"\" srcset=\"https:\/\/www.hiriburukoainharafootball.fr\/wp-content\/uploads\/2024\/02\/lauburu-droite.png 507w, https:\/\/www.hiriburukoainharafootball.fr\/wp-content\/uploads\/2024\/02\/lauburu-droite-300x138.png 300w\" sizes=\"(max-width: 507px) 100vw, 507px\" \/>\t\t\t\t\t\t\t\t\t\t\t\t\t\t\t<\/div>\n\t\t\t\t<\/div>\n\t\t\t\t\t<\/div>\n\t\t<\/div>\n\t\t\t\t\t<\/div>\n\t\t<\/header>\n\t\t\t\t<section class=\"elementor-section elementor-top-section elementor-element elementor-element-71f516d elementor-section-boxed elementor-section-height-default elementor-section-height-default wpr-particle-no wpr-jarallax-no wpr-parallax-no wpr-sticky-section-no wpr-equal-height-no\" data-id=\"71f516d\" data-element_type=\"section\" data-e-type=\"section\" data-settings=\"{&quot;background_background&quot;:&quot;gradient&quot;}\">\n\t\t\t\t\t\t<div class=\"elementor-container elementor-column-gap-default\">\n\t\t\t\t\t<div class=\"elementor-column elementor-col-100 elementor-top-column elementor-element elementor-element-7a5397f\" data-id=\"7a5397f\" data-element_type=\"column\" data-e-type=\"column\">\n\t\t\t<div class=\"elementor-widget-wrap elementor-element-populated\">\n\t\t\t\t\t\t<div class=\"elementor-element elementor-element-7132d22 elementor-widget elementor-widget-image\" data-id=\"7132d22\" data-element_type=\"widget\" data-e-type=\"widget\" data-widget_type=\"image.default\">\n\t\t\t\t<div class=\"elementor-widget-container\">\n\t\t\t\t\t\t\t\t\t\t\t\t\t\t\t<img decoding=\"async\" width=\"750\" height=\"549\" src=\"https:\/\/www.hiriburukoainharafootball.fr\/wp-content\/uploads\/2023\/04\/Photo-Partenariat-HA-Bilbao__r9k97u.jpg\" class=\"attachment-large size-large wp-image-969\" alt=\"\" srcset=\"https:\/\/www.hiriburukoainharafootball.fr\/wp-content\/uploads\/2023\/04\/Photo-Partenariat-HA-Bilbao__r9k97u.jpg 750w, https:\/\/www.hiriburukoainharafootball.fr\/wp-content\/uploads\/2023\/04\/Photo-Partenariat-HA-Bilbao__r9k97u-300x220.jpg 300w\" sizes=\"(max-width: 750px) 100vw, 750px\" \/>\t\t\t\t\t\t\t\t\t\t\t\t\t\t\t<\/div>\n\t\t\t\t<\/div>\n\t\t\t\t\t<\/div>\n\t\t<\/div>\n\t\t\t\t\t<\/div>\n\t\t<\/section>\n\t\t\t\t<section class=\"elementor-section elementor-top-section elementor-element elementor-element-cdd52aa elementor-section-boxed elementor-section-height-default elementor-section-height-default wpr-particle-no wpr-jarallax-no wpr-parallax-no wpr-sticky-section-no wpr-equal-height-no\" data-id=\"cdd52aa\" data-element_type=\"section\" data-e-type=\"section\" data-settings=\"{&quot;background_background&quot;:&quot;classic&quot;}\">\n\t\t\t\t\t\t<div class=\"elementor-container elementor-column-gap-default\">\n\t\t\t\t\t<div class=\"elementor-column elementor-col-100 elementor-top-column elementor-element elementor-element-adce9d0\" data-id=\"adce9d0\" data-element_type=\"column\" data-e-type=\"column\">\n\t\t\t<div class=\"elementor-widget-wrap elementor-element-populated\">\n\t\t\t\t\t\t<div class=\"elementor-element elementor-element-423d56e elementor-widget elementor-widget-advanced-text-block\" data-id=\"423d56e\" data-element_type=\"widget\" data-e-type=\"widget\" data-widget_type=\"advanced-text-block.default\">\n\t\t\t\t<div class=\"elementor-widget-container\">\n\t\t\t\t\t<div class=\"futurio_extra_adv_text_block \" ><div class=\"text-content-block\"><p><span style=\"color: #ffffff\">L'<strong>Athletic Club Bilbao<\/strong>, club Basque et pensionnaire de la Liga (D1 du championnat espagnol), a d\u00e9cid\u00e9 de soutenir la formation des jeunes Hiriburutar.<\/span><\/p><p><span style=\"color: #ffffff\">Depuis 2019, les\u00a0relations entre les deux entit\u00e9s s'intensifient avec la signature d'un partenariat qui inclut :<\/span><\/p><ul><li><span style=\"color: #ffffff\">des \u00e9changes entre \u00e9ducateurs ;<\/span><\/li><li><span style=\"color: #ffffff\">des visites des installations ;<\/span><\/li><li><span style=\"color: #ffffff\">la participation de nos jeunes \u00e0 des tournois sous les couleurs \"Zurigori\" (rouges et blanches) ;<\/span><\/li><li><span style=\"color: #ffffff\">la mise en place de s\u00e9ances sp\u00e9cifiques pour nos joueurs et gardiens.<\/span><\/li><\/ul><\/div><\/div>\t\t\t\t<\/div>\n\t\t\t\t<\/div>\n\t\t\t\t\t<\/div>\n\t\t<\/div>\n\t\t\t\t\t<\/div>\n\t\t<\/section>\n\t\t\t\t<section class=\"elementor-section elementor-top-section elementor-element elementor-element-e1d2a25 elementor-section-boxed elementor-section-height-default elementor-section-height-default wpr-particle-no wpr-jarallax-no wpr-parallax-no wpr-sticky-section-no wpr-equal-height-no\" data-id=\"e1d2a25\" data-element_type=\"section\" data-e-type=\"section\" data-settings=\"{&quot;background_background&quot;:&quot;classic&quot;}\">\n\t\t\t\t\t\t<div class=\"elementor-container elementor-column-gap-default\">\n\t\t\t\t\t<div class=\"elementor-column elementor-col-100 elementor-top-column elementor-element elementor-element-2cb5451\" data-id=\"2cb5451\" data-element_type=\"column\" data-e-type=\"column\">\n\t\t\t<div class=\"elementor-widget-wrap elementor-element-populated\">\n\t\t\t\t\t\t<div class=\"elementor-element elementor-element-54ef747 elementor-widget elementor-widget-image\" data-id=\"54ef747\" data-element_type=\"widget\" data-e-type=\"widget\" data-widget_type=\"image.default\">\n\t\t\t\t<div class=\"elementor-widget-container\">\n\t\t\t\t\t\t\t\t\t\t\t\t\t\t\t<img loading=\"lazy\" decoding=\"async\" width=\"216\" height=\"250\" src=\"https:\/\/www.hiriburukoainharafootball.fr\/wp-content\/uploads\/2023\/04\/Athletic_bilbao__pfrg5x.png\" class=\"attachment-large size-large wp-image-968\" alt=\"\" \/>\t\t\t\t\t\t\t\t\t\t\t\t\t\t\t<\/div>\n\t\t\t\t<\/div>\n\t\t\t\t\t<\/div>\n\t\t<\/div>\n\t\t\t\t\t<\/div>\n\t\t<\/section>\n\t\t\t\t<\/div>\n\t\t","protected":false},"excerpt":{"rendered":"<p>ATHLETIC CLUB BILBAO L&rsquo;Athletic Club Bilbao, club Basque et pensionnaire de la Liga (D1 du championnat espagnol), a d\u00e9cid\u00e9 de soutenir la formation des jeunes Hiriburutar. Depuis 2019, les\u00a0relations entre les deux entit\u00e9s s&rsquo;intensifient avec la signature d&rsquo;un partenariat qui inclut : des \u00e9changes entre \u00e9ducateurs ; des visites des installations ; la participation de nos jeunes \u00e0 des tournois sous les couleurs \u00ab\u00a0Zurigori\u00a0\u00bb (rouges et blanches) ; la mise en place de s\u00e9ances sp\u00e9cifiques pour nos joueurs et gardiens.<\/p>\n","protected":false},"author":3,"featured_media":0,"parent":0,"menu_order":0,"comment_status":"closed","ping_status":"closed","template":"","meta":{"_seopress_robots_primary_cat":"","_seopress_titles_title":"","_seopress_titles_desc":"","_seopress_robots_index":"","footnotes":""},"class_list":["post-634","page","type-page","status-publish","hentry"],"_links":{"self":[{"href":"https:\/\/www.hiriburukoainharafootball.fr\/index.php\/wp-json\/wp\/v2\/pages\/634","targetHints":{"allow":["GET"]}}],"collection":[{"href":"https:\/\/www.hiriburukoainharafootball.fr\/index.php\/wp-json\/wp\/v2\/pages"}],"about":[{"href":"https:\/\/www.hiriburukoainharafootball.fr\/index.php\/wp-json\/wp\/v2\/types\/page"}],"author":[{"embeddable":true,"href":"https:\/\/www.hiriburukoainharafootball.fr\/index.php\/wp-json\/wp\/v2\/users\/3"}],"replies":[{"embeddable":true,"href":"https:\/\/www.hiriburukoainharafootball.fr\/index.php\/wp-json\/wp\/v2\/comments?post=634"}],"version-history":[{"count":31,"href":"https:\/\/www.hiriburukoainharafootball.fr\/index.php\/wp-json\/wp\/v2\/pages\/634\/revisions"}],"predecessor-version":[{"id":3515,"href":"https:\/\/www.hiriburukoainharafootball.fr\/index.php\/wp-json\/wp\/v2\/pages\/634\/revisions\/3515"}],"wp:attachment":[{"href":"https:\/\/www.hiriburukoainharafootball.fr\/index.php\/wp-json\/wp\/v2\/media?parent=634"}],"curies":[{"name":"wp","href":"https:\/\/api.w.org\/{rel}","templated":true}]}}