{"id":638,"date":"2023-04-25T17:18:21","date_gmt":"2023-04-25T15:18:21","guid":{"rendered":"http:\/\/lakartxela.iutbayonne.univ-pau.fr\/~tsansebastie\/Hiriburuko%20Ainhara%20Football\/?page_id=638"},"modified":"2025-03-20T08:35:09","modified_gmt":"2025-03-20T07:35:09","slug":"devenir-partenaire","status":"publish","type":"page","link":"https:\/\/www.hiriburukoainharafootball.fr\/index.php\/devenir-partenaire\/","title":{"rendered":"Devenir partenaire"},"content":{"rendered":"\t\t<div data-elementor-type=\"wp-page\" data-elementor-id=\"638\" class=\"elementor elementor-638\" data-elementor-post-type=\"page\">\n\t\t\t\t\t\t<header class=\"elementor-section elementor-top-section elementor-element elementor-element-cbff969 elementor-section-full_width elementor-section-content-middle elementor-section-height-default elementor-section-height-default wpr-particle-no wpr-jarallax-no wpr-parallax-no wpr-sticky-section-no wpr-equal-height-no\" data-id=\"cbff969\" data-element_type=\"section\" data-e-type=\"section\" data-settings=\"{&quot;background_background&quot;:&quot;classic&quot;}\">\n\t\t\t\t\t\t<div class=\"elementor-container elementor-column-gap-no\">\n\t\t\t\t\t<div class=\"elementor-column elementor-col-33 elementor-top-column elementor-element elementor-element-2632153\" data-id=\"2632153\" data-element_type=\"column\" data-e-type=\"column\">\n\t\t\t<div class=\"elementor-widget-wrap elementor-element-populated\">\n\t\t\t\t\t\t<div class=\"elementor-element elementor-element-d526d47 elementor-widget__width-initial elementor-widget elementor-widget-image\" data-id=\"d526d47\" data-element_type=\"widget\" data-e-type=\"widget\" data-widget_type=\"image.default\">\n\t\t\t\t<div class=\"elementor-widget-container\">\n\t\t\t\t\t\t\t\t\t\t\t\t\t\t\t<img decoding=\"async\" width=\"150\" height=\"150\" src=\"https:\/\/www.hiriburukoainharafootball.fr\/wp-content\/uploads\/2024\/02\/logo-gauche-150x150.png\" class=\"attachment-thumbnail size-thumbnail wp-image-2626\" alt=\"\" srcset=\"https:\/\/www.hiriburukoainharafootball.fr\/wp-content\/uploads\/2024\/02\/logo-gauche-150x150.png 150w, https:\/\/www.hiriburukoainharafootball.fr\/wp-content\/uploads\/2024\/02\/elementor\/thumbs\/logo-gauche-qjt8pmhk0cqexld5mbjk3d8b3fwou2b6zni5cmwwx8.png 30w, https:\/\/www.hiriburukoainharafootball.fr\/wp-content\/uploads\/2024\/02\/elementor\/thumbs\/logo-gauche-qjt8pmhk94hp96zwi3psikzzawr0keyc60f6kx0cxg.png 50w, https:\/\/www.hiriburukoainharafootball.fr\/wp-content\/uploads\/2024\/02\/elementor\/thumbs\/logo-gauche-qjt8pmhkv1vx272rpk5dkmf5tkutwak73wprnm8yy0.png 100w, https:\/\/www.hiriburukoainharafootball.fr\/wp-content\/uploads\/2024\/02\/elementor\/thumbs\/logo-gauche-qjt8pmhkma4mqlg0trz55enhm40i5xx1xjsqfc5ixs.png 80w\" sizes=\"(max-width: 150px) 100vw, 150px\" \/>\t\t\t\t\t\t\t\t\t\t\t\t\t\t\t<\/div>\n\t\t\t\t<\/div>\n\t\t\t\t\t<\/div>\n\t\t<\/div>\n\t\t\t\t<div class=\"elementor-column elementor-col-33 elementor-top-column elementor-element elementor-element-d4c8004\" data-id=\"d4c8004\" data-element_type=\"column\" data-e-type=\"column\">\n\t\t\t<div class=\"elementor-widget-wrap elementor-element-populated\">\n\t\t\t\t\t\t<div class=\"elementor-element elementor-element-3fe8327 elementor-widget__width-initial elementor-widget-mobile__width-initial elementor-widget elementor-widget-heading\" data-id=\"3fe8327\" data-element_type=\"widget\" data-e-type=\"widget\" data-widget_type=\"heading.default\">\n\t\t\t\t<div class=\"elementor-widget-container\">\n\t\t\t\t\t<h1 class=\"elementor-heading-title elementor-size-default\">DEVENIR PARTENAIRE<\/h1>\t\t\t\t<\/div>\n\t\t\t\t<\/div>\n\t\t\t\t\t<\/div>\n\t\t<\/div>\n\t\t\t\t<div class=\"elementor-column elementor-col-33 elementor-top-column elementor-element elementor-element-8ecaf4c\" data-id=\"8ecaf4c\" data-element_type=\"column\" data-e-type=\"column\">\n\t\t\t<div class=\"elementor-widget-wrap elementor-element-populated\">\n\t\t\t\t\t\t<div class=\"elementor-element elementor-element-a86e943 elementor-widget elementor-widget-image\" data-id=\"a86e943\" data-element_type=\"widget\" data-e-type=\"widget\" data-widget_type=\"image.default\">\n\t\t\t\t<div class=\"elementor-widget-container\">\n\t\t\t\t\t\t\t\t\t\t\t\t\t\t\t<img fetchpriority=\"high\" decoding=\"async\" width=\"507\" height=\"233\" src=\"https:\/\/www.hiriburukoainharafootball.fr\/wp-content\/uploads\/2024\/02\/lauburu-droite.png\" class=\"attachment-large size-large wp-image-2627\" alt=\"\" srcset=\"https:\/\/www.hiriburukoainharafootball.fr\/wp-content\/uploads\/2024\/02\/lauburu-droite.png 507w, https:\/\/www.hiriburukoainharafootball.fr\/wp-content\/uploads\/2024\/02\/lauburu-droite-300x138.png 300w\" sizes=\"(max-width: 507px) 100vw, 507px\" \/>\t\t\t\t\t\t\t\t\t\t\t\t\t\t\t<\/div>\n\t\t\t\t<\/div>\n\t\t\t\t\t<\/div>\n\t\t<\/div>\n\t\t\t\t\t<\/div>\n\t\t<\/header>\n\t\t\t\t<section class=\"elementor-section elementor-top-section elementor-element elementor-element-f12e5cb elementor-section-boxed elementor-section-height-default elementor-section-height-default wpr-particle-no wpr-jarallax-no wpr-parallax-no wpr-sticky-section-no wpr-equal-height-no\" data-id=\"f12e5cb\" data-element_type=\"section\" data-e-type=\"section\" data-settings=\"{&quot;background_background&quot;:&quot;gradient&quot;}\">\n\t\t\t\t\t\t<div class=\"elementor-container elementor-column-gap-default\">\n\t\t\t\t\t<div class=\"elementor-column elementor-col-100 elementor-top-column elementor-element elementor-element-3b98ab6\" data-id=\"3b98ab6\" data-element_type=\"column\" data-e-type=\"column\" data-settings=\"{&quot;background_background&quot;:&quot;classic&quot;}\">\n\t\t\t<div class=\"elementor-widget-wrap elementor-element-populated\">\n\t\t\t\t\t\t<div class=\"elementor-element elementor-element-806fc7b elementor-widget elementor-widget-advanced-text-block\" data-id=\"806fc7b\" data-element_type=\"widget\" data-e-type=\"widget\" data-widget_type=\"advanced-text-block.default\">\n\t\t\t\t<div class=\"elementor-widget-container\">\n\t\t\t\t\t<div class=\"futurio_extra_adv_text_block \" ><div class=\"text-content-block\">Rejoindre le r\u00e9seau de partenariat d\u2019<strong>Hiriburuko Ainhara Football<\/strong>\u00a0c\u2019est adh\u00e9rer \u00e0 une association qui pr\u00f4ne les valeurs suivantes\u00a0: RESPECT, HUMILIT\u00c9, PARTAGE, ENGAGEMENT, AMBITION, et SOLIDARIT\u00c9.\n\n<span style=\"color: #ffffff\">Faire le choix de sponsoriser le club, c\u2019est aussi\u00a0:<\/span>\n<ul>\n \t<li><span style=\"color: #ffffff\">Augmenter sa notori\u00e9t\u00e9\u00a0;<\/span><\/li>\n \t<li><span style=\"color: #ffffff\">Soutenir un projet sportif, \u00e9ducatif, et associatif\u00a0;<\/span><\/li>\n \t<li><span style=\"color: #ffffff\">Tisser des relations amicales ou \u00e9conomiques \u00e0 travers des \u00e9v\u00e9nements du club\u00a0;<\/span><\/li>\n \t<li><span style=\"color: #ffffff\">D\u00e9velopper son image de marque en associant ses valeurs aux n\u00f4tres\u00a0;<\/span><\/li>\n \t<li><span style=\"color: #ffffff\">Associer son nom \u00e0 un club dont l\u2019image est tr\u00e8s bien per\u00e7ue localement.<\/span><\/li>\n<\/ul>\n<span style=\"color: #ffffff\">\u00a0Si vous souhaitez plus de renseignements, n\u2019h\u00e9sitez \u00e0 contacter notre \u00e9quipe commerciale \u00e0 partir du <a href=\"https:\/\/www.hiriburukoainharafootball.fr\/index.php\/club-labellise-copy\/\">formulaire de contact<\/a> ou \u00e0 l'adresse e-mail suivante : <a href=\"mailto:commercial.hafoot@gmail.com\"><strong><em>commercial.hafoot@gmail.com<\/em><\/strong><\/a><\/span><\/div><\/div>\t\t\t\t<\/div>\n\t\t\t\t<\/div>\n\t\t\t\t\t<\/div>\n\t\t<\/div>\n\t\t\t\t\t<\/div>\n\t\t<\/section>\n\t\t\t\t<\/div>\n\t\t","protected":false},"excerpt":{"rendered":"<p>DEVENIR PARTENAIRE Rejoindre le r\u00e9seau de partenariat d\u2019Hiriburuko Ainhara Football\u00a0c\u2019est adh\u00e9rer \u00e0 une association qui pr\u00f4ne les valeurs suivantes\u00a0: RESPECT, HUMILIT\u00c9, PARTAGE, ENGAGEMENT, AMBITION, et SOLIDARIT\u00c9. Faire le choix de sponsoriser le club, c\u2019est aussi\u00a0: Augmenter sa notori\u00e9t\u00e9\u00a0; Soutenir un projet sportif, \u00e9ducatif, et associatif\u00a0; Tisser des relations amicales ou \u00e9conomiques \u00e0 travers des \u00e9v\u00e9nements du club\u00a0; D\u00e9velopper son image de marque en associant ses valeurs aux n\u00f4tres\u00a0; Associer son nom \u00e0 un club dont l\u2019image est tr\u00e8s bien per\u00e7ue localement. \u00a0Si vous souhaitez plus de renseignements, n\u2019h\u00e9sitez \u00e0 contacter notre \u00e9quipe commerciale \u00e0 partir du formulaire de contact ou \u00e0 l&rsquo;adresse e-mail suivante : commercial.hafoot@gmail.com<\/p>\n","protected":false},"author":3,"featured_media":0,"parent":0,"menu_order":0,"comment_status":"closed","ping_status":"closed","template":"","meta":{"_seopress_robots_primary_cat":"","_seopress_titles_title":"","_seopress_titles_desc":"","_seopress_robots_index":"","footnotes":""},"class_list":["post-638","page","type-page","status-publish","hentry"],"_links":{"self":[{"href":"https:\/\/www.hiriburukoainharafootball.fr\/index.php\/wp-json\/wp\/v2\/pages\/638","targetHints":{"allow":["GET"]}}],"collection":[{"href":"https:\/\/www.hiriburukoainharafootball.fr\/index.php\/wp-json\/wp\/v2\/pages"}],"about":[{"href":"https:\/\/www.hiriburukoainharafootball.fr\/index.php\/wp-json\/wp\/v2\/types\/page"}],"author":[{"embeddable":true,"href":"https:\/\/www.hiriburukoainharafootball.fr\/index.php\/wp-json\/wp\/v2\/users\/3"}],"replies":[{"embeddable":true,"href":"https:\/\/www.hiriburukoainharafootball.fr\/index.php\/wp-json\/wp\/v2\/comments?post=638"}],"version-history":[{"count":39,"href":"https:\/\/www.hiriburukoainharafootball.fr\/index.php\/wp-json\/wp\/v2\/pages\/638\/revisions"}],"predecessor-version":[{"id":4883,"href":"https:\/\/www.hiriburukoainharafootball.fr\/index.php\/wp-json\/wp\/v2\/pages\/638\/revisions\/4883"}],"wp:attachment":[{"href":"https:\/\/www.hiriburukoainharafootball.fr\/index.php\/wp-json\/wp\/v2\/media?parent=638"}],"curies":[{"name":"wp","href":"https:\/\/api.w.org\/{rel}","templated":true}]}}